{"id":32968,"date":"2024-10-11T15:16:16","date_gmt":"2024-10-11T13:16:16","guid":{"rendered":"https:\/\/www.mozaiko.ch\/?page_id=32968"},"modified":"2024-10-11T15:17:29","modified_gmt":"2024-10-11T13:17:29","slug":"paiement-en-ligne","status":"publish","type":"page","link":"https:\/\/www.mozaiko.ch\/?page_id=32968","title":{"rendered":"Paiement en ligne"},"content":{"rendered":"\n<h2 class=\"wp-block-heading\">Un serveur ULTRA s\u00e9curis\u00e9 pour vos paiements<\/h2>\n\n\n\n<p>A\u00efko est h\u00e9berg\u00e9 sur un serveur dot\u00e9 des derni\u00e8res technologies en mati\u00e8re de s\u00e9curisation des paiements.<\/p>\n\n\n\n<p><strong>www.mozaiko.ch est int\u00e9gralement embarqu\u00e9 sur une connexion HTTPS s\u00fbre.<\/strong><\/p>\n\n\n\n<p>Ce dispositif garantit la confidentialit\u00e9 des donn\u00e9es qui transitent entre le navigateur et le site web via un certificat SSL EV.<\/p>\n\n\n\n<p>Nous acceptons les r\u00e8glements en ligne via CB \/ MASTERCARD \/ VISA \/AMERICAN EXPRESS ainsi que via Revolut Banking dans certains cas.<\/p>\n","protected":false},"excerpt":{"rendered":"<p>Un serveur ULTRA s\u00e9curis\u00e9 pour vos paiements A\u00efko est h\u00e9berg\u00e9 sur un serveur dot\u00e9 des derni\u00e8res technologies en mati\u00e8re de<\/p>\n","protected":false},"author":1,"featured_media":0,"parent":0,"menu_order":0,"comment_status":"closed","ping_status":"closed","template":"","meta":{"footnotes":""},"class_list":["post-32968","page","type-page","status-publish","hentry"],"jetpack_sharing_enabled":true,"_links":{"self":[{"href":"https:\/\/www.mozaiko.ch\/index.php?rest_route=\/wp\/v2\/pages\/32968","targetHints":{"allow":["GET"]}}],"collection":[{"href":"https:\/\/www.mozaiko.ch\/index.php?rest_route=\/wp\/v2\/pages"}],"about":[{"href":"https:\/\/www.mozaiko.ch\/index.php?rest_route=\/wp\/v2\/types\/page"}],"author":[{"embeddable":true,"href":"https:\/\/www.mozaiko.ch\/index.php?rest_route=\/wp\/v2\/users\/1"}],"replies":[{"embeddable":true,"href":"https:\/\/www.mozaiko.ch\/index.php?rest_route=%2Fwp%2Fv2%2Fcomments&post=32968"}],"version-history":[{"count":1,"href":"https:\/\/www.mozaiko.ch\/index.php?rest_route=\/wp\/v2\/pages\/32968\/revisions"}],"predecessor-version":[{"id":32969,"href":"https:\/\/www.mozaiko.ch\/index.php?rest_route=\/wp\/v2\/pages\/32968\/revisions\/32969"}],"wp:attachment":[{"href":"https:\/\/www.mozaiko.ch\/index.php?rest_route=%2Fwp%2Fv2%2Fmedia&parent=32968"}],"curies":[{"name":"wp","href":"https:\/\/api.w.org\/{rel}","templated":true}]}}