{"id":10494,"date":"2023-08-17T14:46:57","date_gmt":"2023-08-17T12:46:57","guid":{"rendered":"http:\/\/www.mozaiko.ch\/?post_type=product&#038;p=10494"},"modified":"2024-10-07T08:40:37","modified_gmt":"2024-10-07T06:40:37","slug":"mozaiko-menbaglu","status":"publish","type":"product","link":"https:\/\/www.mozaiko.ch\/?product=mozaiko-menbaglu","title":{"rendered":"Mozaiko MenBagLu"},"content":{"rendered":"<p><span data-sheets-value=\"{&quot;1&quot;:2,&quot;2&quot;:&quot;Lumineux !nCe sac \u00e0 dos est con\u00e7u dans une mati\u00e8re qui r\u00e9fl\u00e9chit la lumi\u00e8re !nDimensions : 35x26,5x10 cmsnGamme : Lumineux &quot;}\" data-sheets-userformat=\"{&quot;2&quot;:14785,&quot;3&quot;:[null,2,&quot;_(&quot;$&quot;* #,##0.00_);_(&quot;$&quot;* (#,##0.00);_(&quot;$&quot;* &quot;-&quot;??_);_(@_)&quot;,1],&quot;9&quot;:0,&quot;10&quot;:1,&quot;11&quot;:4,&quot;14&quot;:[null,2,0],&quot;15&quot;:&quot;Calibri&quot;,&quot;16&quot;:9}\" data-sheets-formula=\"=RECHERCHEV(R[0]C[-2];forsale!R4C1:R324C20;6;FAUX)\">Cette sacoche unisexe est con\u00e7ue dans une mati\u00e8re qui r\u00e9fl\u00e9chit la lumi\u00e8re ! Port\u00e9e droite ou en travers avec sa bandouli\u00e8re r\u00e9glable.<br \/>\n<\/span><span data-sheets-value=\"{&quot;1&quot;:2,&quot;2&quot;:&quot;Sacoche port\u00e9e travers avec bandouli\u00e8re r\u00e9glable Une grande poche ouverte, une poche zipp\u00e9e ext\u00e9rieure Dimensions : 22 x 17 x 6 cms Gamme : Lumineux Couleur : Lumineux et Noir&quot;}\" data-sheets-userformat=\"{&quot;2&quot;:15037,&quot;3&quot;:{&quot;1&quot;:0},&quot;5&quot;:{&quot;1&quot;:[{&quot;1&quot;:2,&quot;2&quot;:0,&quot;5&quot;:{&quot;1&quot;:2,&quot;2&quot;:0}},{&quot;1&quot;:0,&quot;2&quot;:0,&quot;3&quot;:3},{&quot;1&quot;:1,&quot;2&quot;:0,&quot;4&quot;:1}]},&quot;6&quot;:{&quot;1&quot;:[{&quot;1&quot;:2,&quot;2&quot;:0,&quot;5&quot;:{&quot;1&quot;:2,&quot;2&quot;:0}},{&quot;1&quot;:0,&quot;2&quot;:0,&quot;3&quot;:3},{&quot;1&quot;:1,&quot;2&quot;:0,&quot;4&quot;:1}]},&quot;7&quot;:{&quot;1&quot;:[{&quot;1&quot;:2,&quot;2&quot;:0,&quot;5&quot;:{&quot;1&quot;:2,&quot;2&quot;:0}},{&quot;1&quot;:0,&quot;2&quot;:0,&quot;3&quot;:3},{&quot;1&quot;:1,&quot;2&quot;:0,&quot;4&quot;:1}]},&quot;8&quot;:{&quot;1&quot;:[{&quot;1&quot;:2,&quot;2&quot;:0,&quot;5&quot;:{&quot;1&quot;:2,&quot;2&quot;:0}},{&quot;1&quot;:0,&quot;2&quot;:0,&quot;3&quot;:3},{&quot;1&quot;:1,&quot;2&quot;:0,&quot;4&quot;:1}]},&quot;10&quot;:1,&quot;12&quot;:0,&quot;14&quot;:{&quot;1&quot;:2,&quot;2&quot;:0},&quot;15&quot;:&quot;Calibri&quot;,&quot;16&quot;:10}\">Une grande poche ouverte, une poche zipp\u00e9e ext\u00e9rieure<br \/>\nDimensions : 22 x 17 x 6 cms<br \/>\nGamme : Lumineux<br \/>\nCouleur : Lumineux et Noir<\/span><\/p>\n","protected":false},"excerpt":{"rendered":"<p><span data-sheets-value=\"{&quot;1&quot;:2,&quot;2&quot;:&quot;Lumineux !nCe sac \u00e0 dos est con\u00e7u dans une mati\u00e8re qui r\u00e9fl\u00e9chit la lumi\u00e8re !nDimensions : 35x26,5x10 cmsnGamme : Lumineux &quot;}\" data-sheets-userformat=\"{&quot;2&quot;:14785,&quot;3&quot;:[null,2,&quot;_(&quot;$&quot;* #,##0.00_);_(&quot;$&quot;* (#,##0.00);_(&quot;$&quot;* &quot;-&quot;??_);_(@_)&quot;,1],&quot;9&quot;:0,&quot;10&quot;:1,&quot;11&quot;:4,&quot;14&quot;:[null,2,0],&quot;15&quot;:&quot;Calibri&quot;,&quot;16&quot;:9}\" data-sheets-formula=\"=RECHERCHEV(R[0]C[-2];forsale!R4C1:R324C20;6;FAUX)\">Cette sacoche unisexe est con\u00e7ue dans une mati\u00e8re qui r\u00e9fl\u00e9chit la lumi\u00e8re ! Port\u00e9e droite ou en travers avec sa bandouli\u00e8re r\u00e9glable.<br \/>\n<\/span><span data-sheets-value=\"{&quot;1&quot;:2,&quot;2&quot;:&quot;Sacoche port\u00e9e travers avec bandouli\u00e8re r\u00e9glable Une grande poche ouverte, une poche zipp\u00e9e ext\u00e9rieure Dimensions : 22 x 17 x 6 cms Gamme : Lumineux Couleur : Lumineux et Noir&quot;}\" data-sheets-userformat=\"{&quot;2&quot;:15037,&quot;3&quot;:{&quot;1&quot;:0},&quot;5&quot;:{&quot;1&quot;:[{&quot;1&quot;:2,&quot;2&quot;:0,&quot;5&quot;:{&quot;1&quot;:2,&quot;2&quot;:0}},{&quot;1&quot;:0,&quot;2&quot;:0,&quot;3&quot;:3},{&quot;1&quot;:1,&quot;2&quot;:0,&quot;4&quot;:1}]},&quot;6&quot;:{&quot;1&quot;:[{&quot;1&quot;:2,&quot;2&quot;:0,&quot;5&quot;:{&quot;1&quot;:2,&quot;2&quot;:0}},{&quot;1&quot;:0,&quot;2&quot;:0,&quot;3&quot;:3},{&quot;1&quot;:1,&quot;2&quot;:0,&quot;4&quot;:1}]},&quot;7&quot;:{&quot;1&quot;:[{&quot;1&quot;:2,&quot;2&quot;:0,&quot;5&quot;:{&quot;1&quot;:2,&quot;2&quot;:0}},{&quot;1&quot;:0,&quot;2&quot;:0,&quot;3&quot;:3},{&quot;1&quot;:1,&quot;2&quot;:0,&quot;4&quot;:1}]},&quot;8&quot;:{&quot;1&quot;:[{&quot;1&quot;:2,&quot;2&quot;:0,&quot;5&quot;:{&quot;1&quot;:2,&quot;2&quot;:0}},{&quot;1&quot;:0,&quot;2&quot;:0,&quot;3&quot;:3},{&quot;1&quot;:1,&quot;2&quot;:0,&quot;4&quot;:1}]},&quot;10&quot;:1,&quot;12&quot;:0,&quot;14&quot;:{&quot;1&quot;:2,&quot;2&quot;:0},&quot;15&quot;:&quot;Calibri&quot;,&quot;16&quot;:10}\">Une grande poche ouverte, une poche zipp\u00e9e ext\u00e9rieure<br \/>\nDimensions : 22 x 17 x 6 cms<br \/>\nGamme : Lumineux<br \/>\nCouleur : Lumineux et Noir<\/span><\/p>\n","protected":false},"featured_media":32723,"template":"","meta":[],"product_brand":[],"product_cat":[42,39,44],"product_tag":[],"class_list":{"0":"post-10494","1":"product","2":"type-product","3":"status-publish","4":"has-post-thumbnail","6":"product_cat-sacs-a-dos","7":"product_cat-sacs-banane","8":"product_cat-sacs-bandouliere","10":"first","11":"instock","12":"taxable","13":"shipping-taxable","14":"purchasable","15":"product-type-simple"},"jetpack_sharing_enabled":true,"_links":{"self":[{"href":"https:\/\/www.mozaiko.ch\/index.php?rest_route=\/wp\/v2\/product\/10494","targetHints":{"allow":["GET"]}}],"collection":[{"href":"https:\/\/www.mozaiko.ch\/index.php?rest_route=\/wp\/v2\/product"}],"about":[{"href":"https:\/\/www.mozaiko.ch\/index.php?rest_route=\/wp\/v2\/types\/product"}],"wp:featuredmedia":[{"embeddable":true,"href":"https:\/\/www.mozaiko.ch\/index.php?rest_route=\/wp\/v2\/media\/32723"}],"wp:attachment":[{"href":"https:\/\/www.mozaiko.ch\/index.php?rest_route=%2Fwp%2Fv2%2Fmedia&parent=10494"}],"wp:term":[{"taxonomy":"product_brand","embeddable":true,"href":"https:\/\/www.mozaiko.ch\/index.php?rest_route=%2Fwp%2Fv2%2Fproduct_brand&post=10494"},{"taxonomy":"product_cat","embeddable":true,"href":"https:\/\/www.mozaiko.ch\/index.php?rest_route=%2Fwp%2Fv2%2Fproduct_cat&post=10494"},{"taxonomy":"product_tag","embeddable":true,"href":"https:\/\/www.mozaiko.ch\/index.php?rest_route=%2Fwp%2Fv2%2Fproduct_tag&post=10494"}],"curies":[{"name":"wp","href":"https:\/\/api.w.org\/{rel}","templated":true}]}}