{"id":10588,"date":"2023-12-12T11:22:36","date_gmt":"2023-12-12T10:22:36","guid":{"rendered":"http:\/\/www.mozaiko.ch\/?post_type=product&#038;p=10588"},"modified":"2025-12-13T10:36:48","modified_gmt":"2025-12-13T09:36:48","slug":"mozaiko-33soiblacklu","status":"publish","type":"product","link":"https:\/\/www.mozaiko.ch\/?product=mozaiko-33soiblacklu","title":{"rendered":"Mozaiko 33SOIBLACKLU"},"content":{"rendered":"<p><span data-sheets-value=\"{&quot;1&quot;:2,&quot;2&quot;:&quot;Le Best seller dans sa version r\u00e9duitenCe sac est con\u00e7u dans une mati\u00e8re qui r\u00e9fl\u00e9chit la lumi\u00e8re !nDimensions :33*19*13cm nGamme : Lumineux &quot;}\" data-sheets-userformat=\"{&quot;2&quot;:14785,&quot;3&quot;:[null,2,&quot;_(&quot;$&quot;* #,##0.00_);_(&quot;$&quot;* (#,##0.00);_(&quot;$&quot;* &quot;-&quot;??_);_(@_)&quot;,1],&quot;9&quot;:0,&quot;10&quot;:1,&quot;11&quot;:4,&quot;14&quot;:[null,2,0],&quot;15&quot;:&quot;Calibri&quot;,&quot;16&quot;:9}\" data-sheets-formula=\"=RECHERCHEV(R[0]C[-2];forsale!R4C1:R324C20;6;FAUX)\">Nouvelle version !<br \/>\nLe Best seller dans sa version r\u00e9duite et d\u00e9sormais en BIFACE. Un cot\u00e9 noir mat, un cot\u00e9 lumineux !<br \/>\nCe sac est con\u00e7u dans une mati\u00e8re qui r\u00e9fl\u00e9chit la lumi\u00e8re !<br \/>\nDimensions :33 x 19 x 13 cms<br \/>\nGamme : Black &amp; Lumineux <\/span><\/p>\n","protected":false},"excerpt":{"rendered":"<p><span data-sheets-value=\"{&quot;1&quot;:2,&quot;2&quot;:&quot;Le Best seller dans sa version r\u00e9duitenCe sac est con\u00e7u dans une mati\u00e8re qui r\u00e9fl\u00e9chit la lumi\u00e8re !nDimensions :33*19*13cm nGamme : Lumineux &quot;}\" data-sheets-userformat=\"{&quot;2&quot;:14785,&quot;3&quot;:[null,2,&quot;_(&quot;$&quot;* #,##0.00_);_(&quot;$&quot;* (#,##0.00);_(&quot;$&quot;* &quot;-&quot;??_);_(@_)&quot;,1],&quot;9&quot;:0,&quot;10&quot;:1,&quot;11&quot;:4,&quot;14&quot;:[null,2,0],&quot;15&quot;:&quot;Calibri&quot;,&quot;16&quot;:9}\" data-sheets-formula=\"=RECHERCHEV(R[0]C[-2];forsale!R4C1:R324C20;6;FAUX)\">Nouvelle version !<br \/>\nLe Best seller dans sa version r\u00e9duite et d\u00e9sormais en BIFACE. Un cot\u00e9 noir mat, un cot\u00e9 lumineux !<br \/>\nCe sac est con\u00e7u dans une mati\u00e8re qui r\u00e9fl\u00e9chit la lumi\u00e8re !<br \/>\nDimensions :33 x 19 x 13 cms<br \/>\nGamme : Black &amp; Lumineux <\/span><\/p>\n<p><span data-sheets-value=\"{&quot;1&quot;:2,&quot;2&quot;:&quot;Le Best seller dans sa version r\u00e9duitenCe sac est con\u00e7u dans une mati\u00e8re qui r\u00e9fl\u00e9chit la lumi\u00e8re !nDimensions :33*19*13cm nGamme : Lumineux &quot;}\" data-sheets-userformat=\"{&quot;2&quot;:14785,&quot;3&quot;:[null,2,&quot;_(&quot;$&quot;* #,##0.00_);_(&quot;$&quot;* (#,##0.00);_(&quot;$&quot;* &quot;-&quot;??_);_(@_)&quot;,1],&quot;9&quot;:0,&quot;10&quot;:1,&quot;11&quot;:4,&quot;14&quot;:[null,2,0],&quot;15&quot;:&quot;Calibri&quot;,&quot;16&quot;:9}\" data-sheets-formula=\"=RECHERCHEV(R[0]C[-2];forsale!R4C1:R324C20;6;FAUX)\">\u00a0<\/span><\/p>\n","protected":false},"featured_media":32735,"template":"","meta":[],"product_brand":[],"product_cat":[67,38,44,45],"product_tag":[],"class_list":{"0":"post-10588","1":"product","2":"type-product","3":"status-publish","4":"has-post-thumbnail","6":"product_cat-grandsformats","7":"product_cat-sacs-a-main","8":"product_cat-sacs-bandouliere","9":"product_cat-sacs-porte-epaule","11":"first","12":"instock","13":"taxable","14":"shipping-taxable","15":"purchasable","16":"product-type-simple"},"jetpack_sharing_enabled":true,"_links":{"self":[{"href":"https:\/\/www.mozaiko.ch\/index.php?rest_route=\/wp\/v2\/product\/10588","targetHints":{"allow":["GET"]}}],"collection":[{"href":"https:\/\/www.mozaiko.ch\/index.php?rest_route=\/wp\/v2\/product"}],"about":[{"href":"https:\/\/www.mozaiko.ch\/index.php?rest_route=\/wp\/v2\/types\/product"}],"wp:featuredmedia":[{"embeddable":true,"href":"https:\/\/www.mozaiko.ch\/index.php?rest_route=\/wp\/v2\/media\/32735"}],"wp:attachment":[{"href":"https:\/\/www.mozaiko.ch\/index.php?rest_route=%2Fwp%2Fv2%2Fmedia&parent=10588"}],"wp:term":[{"taxonomy":"product_brand","embeddable":true,"href":"https:\/\/www.mozaiko.ch\/index.php?rest_route=%2Fwp%2Fv2%2Fproduct_brand&post=10588"},{"taxonomy":"product_cat","embeddable":true,"href":"https:\/\/www.mozaiko.ch\/index.php?rest_route=%2Fwp%2Fv2%2Fproduct_cat&post=10588"},{"taxonomy":"product_tag","embeddable":true,"href":"https:\/\/www.mozaiko.ch\/index.php?rest_route=%2Fwp%2Fv2%2Fproduct_tag&post=10588"}],"curies":[{"name":"wp","href":"https:\/\/api.w.org\/{rel}","templated":true}]}}