{"id":10684,"date":"2023-12-20T17:37:55","date_gmt":"2023-12-20T16:37:55","guid":{"rendered":"http:\/\/www.mozaiko.ch\/?post_type=product&#038;p=10684"},"modified":"2024-10-07T08:37:21","modified_gmt":"2024-10-07T06:37:21","slug":"mozaiko-bancstarsch","status":"publish","type":"product","link":"https:\/\/www.mozaiko.ch\/?product=mozaiko-bancstarsch","title":{"rendered":"Mozaiko BANCSTARSCH"},"content":{"rendered":"<p><span data-sheets-value=\"{&quot;1&quot;:2,&quot;2&quot;:&quot;Un format light, 2 rangements et 2 poches zipp\u00e9es pour emporter l'essentiel.nUne cha\u00eene r\u00e9glable pour une touche de finesse suppl\u00e9mentaire.nDimensions : 19x10x2 cmsnGamme : Lumineux !nLogo A\u00efkon&quot;}\" data-sheets-userformat=\"{&quot;2&quot;:14785,&quot;3&quot;:[null,2,&quot;_(&quot;$&quot;* #,##0.00_);_(&quot;$&quot;* (#,##0.00);_(&quot;$&quot;* &quot;-&quot;??_);_(@_)&quot;,1],&quot;9&quot;:0,&quot;10&quot;:1,&quot;11&quot;:4,&quot;14&quot;:[null,2,0],&quot;15&quot;:&quot;Calibri&quot;,&quot;16&quot;:9}\" data-sheets-formula=\"=RECHERCHEV(R[0]C[-2];forsale!R4C1:R324C20;6;FAUX)\">Un format light, 2 rangements et 2 poches zipp\u00e9es pour emporter l&rsquo;essentiel.<br \/>\nUne cha\u00eene r\u00e9glable pour une touche de finesse suppl\u00e9mentaire.<br \/>\nDimensions : 19x10x2 cms<br \/>\nGamme : Stars<br \/>\nLogo A\u00efko<br \/>\n<\/span><\/p>\n","protected":false},"excerpt":{"rendered":"<p><span data-sheets-value=\"{&quot;1&quot;:2,&quot;2&quot;:&quot;Un format light, 2 rangements et 2 poches zipp\u00e9es pour emporter l'essentiel.nUne cha\u00eene r\u00e9glable pour une touche de finesse suppl\u00e9mentaire.nDimensions : 19x10x2 cmsnGamme : Lumineux !nLogo A\u00efkon&quot;}\" data-sheets-userformat=\"{&quot;2&quot;:14785,&quot;3&quot;:[null,2,&quot;_(&quot;$&quot;* #,##0.00_);_(&quot;$&quot;* (#,##0.00);_(&quot;$&quot;* &quot;-&quot;??_);_(@_)&quot;,1],&quot;9&quot;:0,&quot;10&quot;:1,&quot;11&quot;:4,&quot;14&quot;:[null,2,0],&quot;15&quot;:&quot;Calibri&quot;,&quot;16&quot;:9}\" data-sheets-formula=\"=RECHERCHEV(R[0]C[-2];forsale!R4C1:R324C20;6;FAUX)\">Un format light, 2 rangements et 2 poches zipp\u00e9es pour emporter l&rsquo;essentiel.<br \/>\nUne cha\u00eene r\u00e9glable pour une touche de finesse suppl\u00e9mentaire.<br \/>\nDimensions : 19x10x2 cms<br \/>\nGamme : Stars<br \/>\nLogo A\u00efko<br \/>\n<\/span><\/p>\n","protected":false},"featured_media":32750,"template":"","meta":[],"product_brand":[],"product_cat":[39],"product_tag":[],"class_list":{"0":"post-10684","1":"product","2":"type-product","3":"status-publish","4":"has-post-thumbnail","6":"product_cat-sacs-banane","8":"first","9":"instock","10":"taxable","11":"shipping-taxable","12":"purchasable","13":"product-type-simple"},"jetpack_sharing_enabled":true,"_links":{"self":[{"href":"https:\/\/www.mozaiko.ch\/index.php?rest_route=\/wp\/v2\/product\/10684","targetHints":{"allow":["GET"]}}],"collection":[{"href":"https:\/\/www.mozaiko.ch\/index.php?rest_route=\/wp\/v2\/product"}],"about":[{"href":"https:\/\/www.mozaiko.ch\/index.php?rest_route=\/wp\/v2\/types\/product"}],"wp:featuredmedia":[{"embeddable":true,"href":"https:\/\/www.mozaiko.ch\/index.php?rest_route=\/wp\/v2\/media\/32750"}],"wp:attachment":[{"href":"https:\/\/www.mozaiko.ch\/index.php?rest_route=%2Fwp%2Fv2%2Fmedia&parent=10684"}],"wp:term":[{"taxonomy":"product_brand","embeddable":true,"href":"https:\/\/www.mozaiko.ch\/index.php?rest_route=%2Fwp%2Fv2%2Fproduct_brand&post=10684"},{"taxonomy":"product_cat","embeddable":true,"href":"https:\/\/www.mozaiko.ch\/index.php?rest_route=%2Fwp%2Fv2%2Fproduct_cat&post=10684"},{"taxonomy":"product_tag","embeddable":true,"href":"https:\/\/www.mozaiko.ch\/index.php?rest_route=%2Fwp%2Fv2%2Fproduct_tag&post=10684"}],"curies":[{"name":"wp","href":"https:\/\/api.w.org\/{rel}","templated":true}]}}