{"id":10900,"date":"2024-09-03T17:08:28","date_gmt":"2024-09-03T15:08:28","guid":{"rendered":"http:\/\/www.mozaiko.ch\/?post_type=product&#038;p=10900"},"modified":"2024-10-07T08:36:44","modified_gmt":"2024-10-07T06:36:44","slug":"mozaiko-26soiblack-version-2","status":"publish","type":"product","link":"https:\/\/www.mozaiko.ch\/?product=mozaiko-26soiblack-version-2","title":{"rendered":"Mozaiko 26SoiBlack Version 2"},"content":{"rendered":"<p>Sac girly, transformable en pochette ! Toucher soft, mati\u00e8re Lumineuse.<br \/>\n2 grands compartiments, 1 poche ouverte format carte et 2 poches zipp\u00e9es. Bandouli\u00e8re r\u00e9glable.<\/p>\n<p>Fond am\u00e9lior\u00e9, plus large et profond par rapport \u00e0 la Version 1 &amp; 1 poche zipp\u00e9e accessible depuis l&rsquo;ext\u00e9rieur !<\/p>\n<p>Dimensions : 26 x 17 x 3<br \/>\nGamme : Noir<\/p>\n","protected":false},"excerpt":{"rendered":"<p>Sac girly, transformable en pochette ! Toucher soft, mati\u00e8re Lumineuse.<br \/>\n2 grands compartiments, 1 poche ouverte format carte et 2 poches zipp\u00e9es. Bandouli\u00e8re r\u00e9glable.<\/p>\n<p>Fond am\u00e9lior\u00e9, plus large et profond par rapport \u00e0 la Version 1 &amp; 1 poche zipp\u00e9e accessible depuis l&rsquo;ext\u00e9rieur !<\/p>\n<p>Dimensions : 26 x 17 x 3<br \/>\nGamme : Noir<\/p>\n","protected":false},"featured_media":32758,"template":"","meta":[],"product_brand":[],"product_cat":[38,44,45],"product_tag":[],"class_list":{"0":"post-10900","1":"product","2":"type-product","3":"status-publish","4":"has-post-thumbnail","6":"product_cat-sacs-a-main","7":"product_cat-sacs-bandouliere","8":"product_cat-sacs-porte-epaule","10":"first","11":"instock","12":"taxable","13":"shipping-taxable","14":"purchasable","15":"product-type-simple"},"jetpack_sharing_enabled":true,"_links":{"self":[{"href":"https:\/\/www.mozaiko.ch\/index.php?rest_route=\/wp\/v2\/product\/10900","targetHints":{"allow":["GET"]}}],"collection":[{"href":"https:\/\/www.mozaiko.ch\/index.php?rest_route=\/wp\/v2\/product"}],"about":[{"href":"https:\/\/www.mozaiko.ch\/index.php?rest_route=\/wp\/v2\/types\/product"}],"wp:featuredmedia":[{"embeddable":true,"href":"https:\/\/www.mozaiko.ch\/index.php?rest_route=\/wp\/v2\/media\/32758"}],"wp:attachment":[{"href":"https:\/\/www.mozaiko.ch\/index.php?rest_route=%2Fwp%2Fv2%2Fmedia&parent=10900"}],"wp:term":[{"taxonomy":"product_brand","embeddable":true,"href":"https:\/\/www.mozaiko.ch\/index.php?rest_route=%2Fwp%2Fv2%2Fproduct_brand&post=10900"},{"taxonomy":"product_cat","embeddable":true,"href":"https:\/\/www.mozaiko.ch\/index.php?rest_route=%2Fwp%2Fv2%2Fproduct_cat&post=10900"},{"taxonomy":"product_tag","embeddable":true,"href":"https:\/\/www.mozaiko.ch\/index.php?rest_route=%2Fwp%2Fv2%2Fproduct_tag&post=10900"}],"curies":[{"name":"wp","href":"https:\/\/api.w.org\/{rel}","templated":true}]}}