{"id":10910,"date":"2024-09-03T17:09:41","date_gmt":"2024-09-03T15:09:41","guid":{"rendered":"http:\/\/www.mozaiko.ch\/?post_type=product&#038;p=10910"},"modified":"2024-10-06T16:25:13","modified_gmt":"2024-10-06T14:25:13","slug":"mozaiko-26lu-version-2","status":"publish","type":"product","link":"https:\/\/www.mozaiko.ch\/?product=mozaiko-26lu-version-2","title":{"rendered":"Mozaiko 26LU Version 2"},"content":{"rendered":"<p>Sac girly, transformable en pochette ! Toucher soft, mati\u00e8re Lumineuse.<br \/>\nFond am\u00e9lior\u00e9 par rapport \u00e0 la V1 + 1 poche zipp\u00e9e accessible depuis l&rsquo;ext\u00e9rieur !<br \/>\nDimensions : 26 x 17 x 5<br \/>\nGamme : Lumineux<\/p>\n","protected":false},"excerpt":{"rendered":"<p>Sac girly, transformable en pochette ! Toucher soft, mati\u00e8re Lumineuse.<br \/>\nFond am\u00e9lior\u00e9 par rapport \u00e0 la V1 + 1 poche zipp\u00e9e accessible depuis l&rsquo;ext\u00e9rieur !<br \/>\nDimensions : 26 x 17 x 5<br \/>\nGamme : Lumineux<\/p>\n","protected":false},"featured_media":32340,"template":"","meta":[],"product_brand":[],"product_cat":[38,44,45],"product_tag":[],"class_list":{"0":"post-10910","1":"product","2":"type-product","3":"status-publish","4":"has-post-thumbnail","6":"product_cat-sacs-a-main","7":"product_cat-sacs-bandouliere","8":"product_cat-sacs-porte-epaule","10":"first","11":"instock","12":"taxable","13":"shipping-taxable","14":"purchasable","15":"product-type-simple"},"jetpack_sharing_enabled":true,"_links":{"self":[{"href":"https:\/\/www.mozaiko.ch\/index.php?rest_route=\/wp\/v2\/product\/10910","targetHints":{"allow":["GET"]}}],"collection":[{"href":"https:\/\/www.mozaiko.ch\/index.php?rest_route=\/wp\/v2\/product"}],"about":[{"href":"https:\/\/www.mozaiko.ch\/index.php?rest_route=\/wp\/v2\/types\/product"}],"wp:featuredmedia":[{"embeddable":true,"href":"https:\/\/www.mozaiko.ch\/index.php?rest_route=\/wp\/v2\/media\/32340"}],"wp:attachment":[{"href":"https:\/\/www.mozaiko.ch\/index.php?rest_route=%2Fwp%2Fv2%2Fmedia&parent=10910"}],"wp:term":[{"taxonomy":"product_brand","embeddable":true,"href":"https:\/\/www.mozaiko.ch\/index.php?rest_route=%2Fwp%2Fv2%2Fproduct_brand&post=10910"},{"taxonomy":"product_cat","embeddable":true,"href":"https:\/\/www.mozaiko.ch\/index.php?rest_route=%2Fwp%2Fv2%2Fproduct_cat&post=10910"},{"taxonomy":"product_tag","embeddable":true,"href":"https:\/\/www.mozaiko.ch\/index.php?rest_route=%2Fwp%2Fv2%2Fproduct_tag&post=10910"}],"curies":[{"name":"wp","href":"https:\/\/api.w.org\/{rel}","templated":true}]}}