{"id":10912,"date":"2024-09-03T17:10:14","date_gmt":"2024-09-03T15:10:14","guid":{"rendered":"http:\/\/www.mozaiko.ch\/?post_type=product&#038;p=10912"},"modified":"2026-05-04T23:59:58","modified_gmt":"2026-05-04T21:59:58","slug":"mozaiko-banasmart","status":"publish","type":"product","link":"https:\/\/www.mozaiko.ch\/?product=mozaiko-banasmart","title":{"rendered":"Mozaiko BANASMART"},"content":{"rendered":"<p>Un sac compatible Smartphone. D&rsquo;un c\u00f4t\u00e9 c&rsquo;est un micro sac paillet\u00e9 noir, de l&rsquo;autre voius acc\u00e9dez \u00e0 votre smartphone sans le sortir de son \u00e9tui !<br \/>\nDimensions : 21x10cms<br \/>\nGamme :  Lumineux<br \/>\nLogo A\u00efko<br \/>\nCeinture : 2.5 cms \u00e9p. Jusqu&rsquo;\u00e0 117cm de long<\/p>\n","protected":false},"excerpt":{"rendered":"<p>Un sac compatible Smartphone. D&rsquo;un c\u00f4t\u00e9 c&rsquo;est un micro sac paillet\u00e9 noir, de l&rsquo;autre voius acc\u00e9dez \u00e0 votre smartphone sans le sortir de son \u00e9tui !<br \/>\nDimensions : 21x10cms<br \/>\nGamme :  Lumineux<br \/>\nLogo A\u00efko<br \/>\nCeinture : 2.5 cms \u00e9p. Jusqu&rsquo;\u00e0 117cm de long<\/p>\n","protected":false},"featured_media":32829,"template":"","meta":[],"product_brand":[],"product_cat":[39,44],"product_tag":[],"class_list":{"0":"post-10912","1":"product","2":"type-product","3":"status-publish","4":"has-post-thumbnail","6":"product_cat-sacs-banane","7":"product_cat-sacs-bandouliere","9":"first","10":"instock","11":"taxable","12":"shipping-taxable","13":"purchasable","14":"product-type-simple"},"jetpack_sharing_enabled":true,"_links":{"self":[{"href":"https:\/\/www.mozaiko.ch\/index.php?rest_route=\/wp\/v2\/product\/10912","targetHints":{"allow":["GET"]}}],"collection":[{"href":"https:\/\/www.mozaiko.ch\/index.php?rest_route=\/wp\/v2\/product"}],"about":[{"href":"https:\/\/www.mozaiko.ch\/index.php?rest_route=\/wp\/v2\/types\/product"}],"wp:featuredmedia":[{"embeddable":true,"href":"https:\/\/www.mozaiko.ch\/index.php?rest_route=\/wp\/v2\/media\/32829"}],"wp:attachment":[{"href":"https:\/\/www.mozaiko.ch\/index.php?rest_route=%2Fwp%2Fv2%2Fmedia&parent=10912"}],"wp:term":[{"taxonomy":"product_brand","embeddable":true,"href":"https:\/\/www.mozaiko.ch\/index.php?rest_route=%2Fwp%2Fv2%2Fproduct_brand&post=10912"},{"taxonomy":"product_cat","embeddable":true,"href":"https:\/\/www.mozaiko.ch\/index.php?rest_route=%2Fwp%2Fv2%2Fproduct_cat&post=10912"},{"taxonomy":"product_tag","embeddable":true,"href":"https:\/\/www.mozaiko.ch\/index.php?rest_route=%2Fwp%2Fv2%2Fproduct_tag&post=10912"}],"curies":[{"name":"wp","href":"https:\/\/api.w.org\/{rel}","templated":true}]}}