{"id":10916,"date":"2024-09-03T17:10:22","date_gmt":"2024-09-03T15:10:22","guid":{"rendered":"http:\/\/www.mozaiko.ch\/?post_type=product&#038;p=10916"},"modified":"2025-05-27T10:46:52","modified_gmt":"2025-05-27T08:46:52","slug":"mozaiko-backflu2","status":"publish","type":"product","link":"https:\/\/www.mozaiko.ch\/?product=mozaiko-backflu2","title":{"rendered":"Mozaiko BACKFLU2"},"content":{"rendered":"<p>Lumineux !<br \/>\nCe sac \u00e0 dos est transformable et peut \u00eatre port\u00e9 de cot\u00e9, fa\u00e7on besace ou en sac \u00e0 dos classique<br \/>\nDimensions : 24 x 35 x 12 cms<br \/>\nGamme : Lumineux<\/p>\n","protected":false},"excerpt":{"rendered":"<p>Lumineux !<br \/>\nCe sac \u00e0 dos est transformable et peut \u00eatre port\u00e9 de cot\u00e9, fa\u00e7on besace ou en sac \u00e0 dos classique<br \/>\nDimensions : 24 x 35 x 12 cms<br \/>\nGamme : Lumineux<\/p>\n","protected":false},"featured_media":32838,"template":"","meta":[],"product_brand":[],"product_cat":[42],"product_tag":[],"class_list":{"0":"post-10916","1":"product","2":"type-product","3":"status-publish","4":"has-post-thumbnail","6":"product_cat-sacs-a-dos","8":"first","9":"instock","10":"taxable","11":"shipping-taxable","12":"purchasable","13":"product-type-simple"},"jetpack_sharing_enabled":true,"_links":{"self":[{"href":"https:\/\/www.mozaiko.ch\/index.php?rest_route=\/wp\/v2\/product\/10916","targetHints":{"allow":["GET"]}}],"collection":[{"href":"https:\/\/www.mozaiko.ch\/index.php?rest_route=\/wp\/v2\/product"}],"about":[{"href":"https:\/\/www.mozaiko.ch\/index.php?rest_route=\/wp\/v2\/types\/product"}],"wp:featuredmedia":[{"embeddable":true,"href":"https:\/\/www.mozaiko.ch\/index.php?rest_route=\/wp\/v2\/media\/32838"}],"wp:attachment":[{"href":"https:\/\/www.mozaiko.ch\/index.php?rest_route=%2Fwp%2Fv2%2Fmedia&parent=10916"}],"wp:term":[{"taxonomy":"product_brand","embeddable":true,"href":"https:\/\/www.mozaiko.ch\/index.php?rest_route=%2Fwp%2Fv2%2Fproduct_brand&post=10916"},{"taxonomy":"product_cat","embeddable":true,"href":"https:\/\/www.mozaiko.ch\/index.php?rest_route=%2Fwp%2Fv2%2Fproduct_cat&post=10916"},{"taxonomy":"product_tag","embeddable":true,"href":"https:\/\/www.mozaiko.ch\/index.php?rest_route=%2Fwp%2Fv2%2Fproduct_tag&post=10916"}],"curies":[{"name":"wp","href":"https:\/\/api.w.org\/{rel}","templated":true}]}}