{"id":11162,"date":"2024-09-04T10:34:29","date_gmt":"2024-09-04T08:34:29","guid":{"rendered":"http:\/\/www.mozaiko.ch\/?post_type=product&#038;p=11162"},"modified":"2024-11-13T16:57:46","modified_gmt":"2024-11-13T15:57:46","slug":"mozaiko-41soiblacklu","status":"publish","type":"product","link":"https:\/\/www.mozaiko.ch\/?product=mozaiko-41soiblacklu","title":{"rendered":"Mozaiko 41SOIBLACKLU"},"content":{"rendered":"<p>Biface ! Lumineux d&rsquo;un cot\u00e9, Noir mat de l&rsquo;autre.<br \/>\nCe sac est con\u00e7u dans une mati\u00e8re qui r\u00e9fl\u00e9chit la lumi\u00e8re !<br \/>\nChangez d&rsquo;ambiance et de sac juste, en le retournant.<br \/>\nDimensions :41 x 29 x 13cm<br \/>\nGamme : Lumineux et Silk<\/p>\n","protected":false},"excerpt":{"rendered":"<p>Biface ! Lumineux d&rsquo;un cot\u00e9, Noir mat de l&rsquo;autre.<br \/>\nCe sac est con\u00e7u dans une mati\u00e8re qui r\u00e9fl\u00e9chit la lumi\u00e8re !<br \/>\nChangez d&rsquo;ambiance et de sac juste, en le retournant.<br \/>\nDimensions :41 x 29 x 13cm<br \/>\nGamme : Lumineux et Silk<\/p>\n","protected":false},"featured_media":32849,"template":"","meta":[],"product_brand":[],"product_cat":[67,38,44,45],"product_tag":[],"class_list":{"0":"post-11162","1":"product","2":"type-product","3":"status-publish","4":"has-post-thumbnail","6":"product_cat-grandsformats","7":"product_cat-sacs-a-main","8":"product_cat-sacs-bandouliere","9":"product_cat-sacs-porte-epaule","11":"first","12":"instock","13":"taxable","14":"shipping-taxable","15":"purchasable","16":"product-type-simple"},"jetpack_sharing_enabled":true,"_links":{"self":[{"href":"https:\/\/www.mozaiko.ch\/index.php?rest_route=\/wp\/v2\/product\/11162","targetHints":{"allow":["GET"]}}],"collection":[{"href":"https:\/\/www.mozaiko.ch\/index.php?rest_route=\/wp\/v2\/product"}],"about":[{"href":"https:\/\/www.mozaiko.ch\/index.php?rest_route=\/wp\/v2\/types\/product"}],"wp:featuredmedia":[{"embeddable":true,"href":"https:\/\/www.mozaiko.ch\/index.php?rest_route=\/wp\/v2\/media\/32849"}],"wp:attachment":[{"href":"https:\/\/www.mozaiko.ch\/index.php?rest_route=%2Fwp%2Fv2%2Fmedia&parent=11162"}],"wp:term":[{"taxonomy":"product_brand","embeddable":true,"href":"https:\/\/www.mozaiko.ch\/index.php?rest_route=%2Fwp%2Fv2%2Fproduct_brand&post=11162"},{"taxonomy":"product_cat","embeddable":true,"href":"https:\/\/www.mozaiko.ch\/index.php?rest_route=%2Fwp%2Fv2%2Fproduct_cat&post=11162"},{"taxonomy":"product_tag","embeddable":true,"href":"https:\/\/www.mozaiko.ch\/index.php?rest_route=%2Fwp%2Fv2%2Fproduct_tag&post=11162"}],"curies":[{"name":"wp","href":"https:\/\/api.w.org\/{rel}","templated":true}]}}