{"id":1660,"date":"2019-04-17T18:46:25","date_gmt":"2019-04-17T16:46:25","guid":{"rendered":"http:\/\/www.mozaiko.ch\/?post_type=product&#038;p=1660"},"modified":"2024-11-13T17:00:06","modified_gmt":"2024-11-13T16:00:06","slug":"mozaiko-20-waterfall","status":"publish","type":"product","link":"https:\/\/www.mozaiko.ch\/?product=mozaiko-20-waterfall","title":{"rendered":"MOZAIKO 20WAW Waterfall"},"content":{"rendered":"<p><span data-sheets-value=\"{&quot;1&quot;:2,&quot;2&quot;:&quot;Ce mini micro sac pr\u00e9sente un look unique avec sa surface recouverte de fines gouttes d'eau. Une mati\u00e8re unique pour quelqu'un d'unique ! Dimensions :20*10*2.5cm Gamme : Waterfall &quot;}\" data-sheets-userformat=\"{&quot;2&quot;:14785,&quot;3&quot;:[null,2,&quot;_(&quot;$&quot;* #,##0.00_);_(&quot;$&quot;* (#,##0.00);_(&quot;$&quot;* &quot;-&quot;??_);_(@_)&quot;,1],&quot;9&quot;:0,&quot;10&quot;:1,&quot;11&quot;:4,&quot;14&quot;:[null,2,0],&quot;15&quot;:&quot;Calibri&quot;,&quot;16&quot;:9}\" data-sheets-formula=\"=RECHERCHEV(R[0]C[-2];forsale!R4C1:R272C20;6;FAUX)\">Ce mini micro sac pr\u00e9sente un look unique avec sa surface recouverte de fines gouttes d&rsquo;eau. Une mati\u00e8re unique pour quelqu&rsquo;un d&rsquo;unique !<br \/>\nDimensions :20*10*2.5cm<br \/>\nGamme : Waterfall<\/span><\/p>\n<p>MOZAIKO ce sont des sacs hyper l\u00e9gers, mais tr\u00e8s r\u00e9sistants. Des finitions de qualit\u00e9.<br \/>\nL&rsquo;assemblage est r\u00e9alis\u00e9 par thermo soudage (pas de colle !)<br \/>\nImpermeable, fourni avec sa pochette de rangement, rangement \u00e0 plat, cha\u00eene r\u00e9glable pour toutes les hauteurs de port&#8230;.<\/p>\n","protected":false},"excerpt":{"rendered":"<p><span data-sheets-value=\"{&quot;1&quot;:2,&quot;2&quot;:&quot;Ce mini micro sac pr\u00e9sente un look unique avec sa surface recouverte de fines gouttes d'eau. Une mati\u00e8re unique pour quelqu'un d'unique ! Dimensions :20*10*2.5cm Gamme : Waterfall &quot;}\" data-sheets-userformat=\"{&quot;2&quot;:14785,&quot;3&quot;:[null,2,&quot;_(&quot;$&quot;* #,##0.00_);_(&quot;$&quot;* (#,##0.00);_(&quot;$&quot;* &quot;-&quot;??_);_(@_)&quot;,1],&quot;9&quot;:0,&quot;10&quot;:1,&quot;11&quot;:4,&quot;14&quot;:[null,2,0],&quot;15&quot;:&quot;Calibri&quot;,&quot;16&quot;:9}\" data-sheets-formula=\"=RECHERCHEV(R[0]C[-2];forsale!R4C1:R272C20;6;FAUX)\">Ce mini micro sac pr\u00e9sente un look unique avec sa surface recouverte de fines gouttes d&rsquo;eau. Une mati\u00e8re unique pour quelqu&rsquo;un d&rsquo;unique !<br \/>\nDimensions :20*10*2.5cm<br \/>\nGamme : Waterfall <\/span><\/p>\n","protected":false},"featured_media":31990,"template":"","meta":[],"product_brand":[],"product_cat":[43,55,44],"product_tag":[],"class_list":{"0":"post-1660","1":"product","2":"type-product","3":"status-publish","4":"has-post-thumbnail","6":"product_cat-minisacs","7":"product_cat-portefeuilles","8":"product_cat-sacs-bandouliere","10":"first","11":"instock","12":"taxable","13":"shipping-taxable","14":"purchasable","15":"product-type-simple"},"jetpack_sharing_enabled":true,"_links":{"self":[{"href":"https:\/\/www.mozaiko.ch\/index.php?rest_route=\/wp\/v2\/product\/1660","targetHints":{"allow":["GET"]}}],"collection":[{"href":"https:\/\/www.mozaiko.ch\/index.php?rest_route=\/wp\/v2\/product"}],"about":[{"href":"https:\/\/www.mozaiko.ch\/index.php?rest_route=\/wp\/v2\/types\/product"}],"wp:featuredmedia":[{"embeddable":true,"href":"https:\/\/www.mozaiko.ch\/index.php?rest_route=\/wp\/v2\/media\/31990"}],"wp:attachment":[{"href":"https:\/\/www.mozaiko.ch\/index.php?rest_route=%2Fwp%2Fv2%2Fmedia&parent=1660"}],"wp:term":[{"taxonomy":"product_brand","embeddable":true,"href":"https:\/\/www.mozaiko.ch\/index.php?rest_route=%2Fwp%2Fv2%2Fproduct_brand&post=1660"},{"taxonomy":"product_cat","embeddable":true,"href":"https:\/\/www.mozaiko.ch\/index.php?rest_route=%2Fwp%2Fv2%2Fproduct_cat&post=1660"},{"taxonomy":"product_tag","embeddable":true,"href":"https:\/\/www.mozaiko.ch\/index.php?rest_route=%2Fwp%2Fv2%2Fproduct_tag&post=1660"}],"curies":[{"name":"wp","href":"https:\/\/api.w.org\/{rel}","templated":true}]}}