{"id":1661,"date":"2019-04-17T18:47:01","date_gmt":"2019-04-17T16:47:01","guid":{"rendered":"http:\/\/www.mozaiko.ch\/?post_type=product&#038;p=1661"},"modified":"2024-10-07T09:54:15","modified_gmt":"2024-10-07T07:54:15","slug":"mozaiko-28holodark","status":"publish","type":"product","link":"https:\/\/www.mozaiko.ch\/?product=mozaiko-28holodark","title":{"rendered":"Mozaiko 28HOHOLODARK"},"content":{"rendered":"<p><span data-sheets-value=\"{&quot;1&quot;:2,&quot;2&quot;:&quot;Soyez HoloType ! Une touche de fantaisie pour ce mini sac \u00e0 main qui emm\u00e8ne l'essentiel mais vous fait briller lors de vos sorties ! Dimensions :28*17,5*7cm Gamme : Holotype 901G &quot;}\" data-sheets-userformat=\"{&quot;2&quot;:14785,&quot;3&quot;:[null,2,&quot;_(&quot;$&quot;* #,##0.00_);_(&quot;$&quot;* (#,##0.00);_(&quot;$&quot;* &quot;-&quot;??_);_(@_)&quot;,1],&quot;9&quot;:0,&quot;10&quot;:1,&quot;11&quot;:4,&quot;14&quot;:[null,2,0],&quot;15&quot;:&quot;Calibri&quot;,&quot;16&quot;:9}\" data-sheets-formula=\"=RECHERCHEV(R[0]C[-2];forsale!R4C1:R272C20;6;FAUX)\">Soyez HoloType ! Une touche de fantaisie pour ce mini sac \u00e0 main qui emm\u00e8ne l&rsquo;essentiel mais vous fait briller lors de vos sorties !<\/span><\/p>\n<p><span data-sheets-value=\"{&quot;1&quot;:2,&quot;2&quot;:&quot;Soyez HoloType ! Une touche de fantaisie pour ce mini sac \u00e0 main qui emm\u00e8ne l'essentiel mais vous fait briller lors de vos sorties ! Dimensions :28*17,5*7cm Gamme : Holotype 901G &quot;}\" data-sheets-userformat=\"{&quot;2&quot;:14785,&quot;3&quot;:[null,2,&quot;_(&quot;$&quot;* #,##0.00_);_(&quot;$&quot;* (#,##0.00);_(&quot;$&quot;* &quot;-&quot;??_);_(@_)&quot;,1],&quot;9&quot;:0,&quot;10&quot;:1,&quot;11&quot;:4,&quot;14&quot;:[null,2,0],&quot;15&quot;:&quot;Calibri&quot;,&quot;16&quot;:9}\" data-sheets-formula=\"=RECHERCHEV(R[0]C[-2];forsale!R4C1:R272C20;6;FAUX)\">Dimensions :28*17,5*7cm<br \/>\nGamme : Holotype 901G<\/span><\/p>\n<p>MOZAIKO ce sont des sacs hyper l\u00e9gers, mais tr\u00e8s r\u00e9sistants. Des finitions de qualit\u00e9.<br \/>\nL&rsquo;assemblage est r\u00e9alis\u00e9 par thermo soudage (pas de colle !)<br \/>\nImpermeable, fourni avec sa pochette de rangement, rangement \u00e0 plat, cha\u00eene r\u00e9glable pour toutes les hauteurs de port&#8230;.<\/p>\n","protected":false},"excerpt":{"rendered":"<p><span data-sheets-value=\"{&quot;1&quot;:2,&quot;2&quot;:&quot;Soyez HoloType ! Une touche de fantaisie pour ce mini sac \u00e0 main qui emm\u00e8ne l'essentiel mais vous fait briller lors de vos sorties ! Dimensions :28*17,5*7cm Gamme : Holotype 901G &quot;}\" data-sheets-userformat=\"{&quot;2&quot;:14785,&quot;3&quot;:[null,2,&quot;_(&quot;$&quot;* #,##0.00_);_(&quot;$&quot;* (#,##0.00);_(&quot;$&quot;* &quot;-&quot;??_);_(@_)&quot;,1],&quot;9&quot;:0,&quot;10&quot;:1,&quot;11&quot;:4,&quot;14&quot;:[null,2,0],&quot;15&quot;:&quot;Calibri&quot;,&quot;16&quot;:9}\" data-sheets-formula=\"=RECHERCHEV(R[0]C[-2];forsale!R4C1:R272C20;6;FAUX)\">Soyez HoloType ! Une touche de fantaisie pour ce mini sac \u00e0 main qui emm\u00e8ne l&rsquo;essentiel mais vous fait briller lors de vos sorties !<br \/>\nDimensions :28*17,5*7cm<br \/>\nGamme : Holotype 901G<\/span><\/p>\n","protected":false},"featured_media":31991,"template":"","meta":[],"product_brand":[],"product_cat":[38,44,45],"product_tag":[],"class_list":{"0":"post-1661","1":"product","2":"type-product","3":"status-publish","4":"has-post-thumbnail","6":"product_cat-sacs-a-main","7":"product_cat-sacs-bandouliere","8":"product_cat-sacs-porte-epaule","10":"first","11":"instock","12":"sold-individually","13":"taxable","14":"shipping-taxable","15":"purchasable","16":"product-type-simple"},"jetpack_sharing_enabled":true,"_links":{"self":[{"href":"https:\/\/www.mozaiko.ch\/index.php?rest_route=\/wp\/v2\/product\/1661","targetHints":{"allow":["GET"]}}],"collection":[{"href":"https:\/\/www.mozaiko.ch\/index.php?rest_route=\/wp\/v2\/product"}],"about":[{"href":"https:\/\/www.mozaiko.ch\/index.php?rest_route=\/wp\/v2\/types\/product"}],"wp:featuredmedia":[{"embeddable":true,"href":"https:\/\/www.mozaiko.ch\/index.php?rest_route=\/wp\/v2\/media\/31991"}],"wp:attachment":[{"href":"https:\/\/www.mozaiko.ch\/index.php?rest_route=%2Fwp%2Fv2%2Fmedia&parent=1661"}],"wp:term":[{"taxonomy":"product_brand","embeddable":true,"href":"https:\/\/www.mozaiko.ch\/index.php?rest_route=%2Fwp%2Fv2%2Fproduct_brand&post=1661"},{"taxonomy":"product_cat","embeddable":true,"href":"https:\/\/www.mozaiko.ch\/index.php?rest_route=%2Fwp%2Fv2%2Fproduct_cat&post=1661"},{"taxonomy":"product_tag","embeddable":true,"href":"https:\/\/www.mozaiko.ch\/index.php?rest_route=%2Fwp%2Fv2%2Fproduct_tag&post=1661"}],"curies":[{"name":"wp","href":"https:\/\/api.w.org\/{rel}","templated":true}]}}