{"id":1678,"date":"2019-04-17T19:20:09","date_gmt":"2019-04-17T17:20:09","guid":{"rendered":"http:\/\/www.mozaiko.ch\/?post_type=product&#038;p=1678"},"modified":"2024-10-11T23:12:02","modified_gmt":"2024-10-11T21:12:02","slug":"mozaiko-42-frosted-marron","status":"publish","type":"product","link":"https:\/\/www.mozaiko.ch\/?product=mozaiko-42-frosted-marron","title":{"rendered":"MOZAIKO 42MA Frosted Marron"},"content":{"rendered":"<p><span data-sheets-value=\"{&quot;1&quot;:2,&quot;2&quot;:&quot;Toucher et visuel glac\u00e9s pour ce sac hyper \u00e9l\u00e9gant. Le design FROST met en valeur vos tenues de jour comme de nuit ! Dimensions :42.5*28*10.5cm Gamme : Frost Couleur : Marron &quot;}\" data-sheets-userformat=\"{&quot;2&quot;:14785,&quot;3&quot;:[null,2,&quot;_(&quot;$&quot;* #,##0.00_);_(&quot;$&quot;* (#,##0.00);_(&quot;$&quot;* &quot;-&quot;??_);_(@_)&quot;,1],&quot;9&quot;:0,&quot;10&quot;:1,&quot;11&quot;:4,&quot;14&quot;:[null,2,0],&quot;15&quot;:&quot;Calibri&quot;,&quot;16&quot;:9}\" data-sheets-formula=\"=RECHERCHEV(R[0]C[-2];forsale!R4C1:R272C20;6;FAUX)\">Toucher et visuel glac\u00e9s pour ce sac hyper \u00e9l\u00e9gant. Le design FROST met en valeur vos tenues de jour comme de nuit !<br \/>\nDimensions :42.5*28*10.5cm<br \/>\nGamme : Frost<br \/>\nCouleur : Marron<\/span><\/p>\n<p>MOZAIKO ce sont des sacs hyper l\u00e9gers, mais tr\u00e8s r\u00e9sistants. Des finitions de qualit\u00e9.<br \/>\nL&rsquo;assemblage est r\u00e9alis\u00e9 par thermo soudage (pas de colle !)<br \/>\nImpermeable, fourni avec sa pochette de rangement, rangement \u00e0 plat, cha\u00eene r\u00e9glable pour toutes les hauteurs de port&#8230;.<\/p>\n","protected":false},"excerpt":{"rendered":"<p><span data-sheets-value=\"{&quot;1&quot;:2,&quot;2&quot;:&quot;Toucher et visuel glac\u00e9s pour ce sac hyper \u00e9l\u00e9gant. Le design FROST met en valeur vos tenues de jour comme de nuit ! Dimensions :42.5*28*10.5cm Gamme : Frost Couleur : Marron &quot;}\" data-sheets-userformat=\"{&quot;2&quot;:14785,&quot;3&quot;:[null,2,&quot;_(&quot;$&quot;* #,##0.00_);_(&quot;$&quot;* (#,##0.00);_(&quot;$&quot;* &quot;-&quot;??_);_(@_)&quot;,1],&quot;9&quot;:0,&quot;10&quot;:1,&quot;11&quot;:4,&quot;14&quot;:[null,2,0],&quot;15&quot;:&quot;Calibri&quot;,&quot;16&quot;:9}\" data-sheets-formula=\"=RECHERCHEV(R[0]C[-2];forsale!R4C1:R272C20;6;FAUX)\">Toucher et visuel glac\u00e9s pour ce sac hyper \u00e9l\u00e9gant. Le design FROST met en valeur vos tenues de jour comme de nuit !<br \/>\nDimensions :42.5*28*10.5cm<br \/>\nGamme : Frost<br \/>\nCouleur : Marron<\/span><\/p>\n","protected":false},"featured_media":32035,"template":"","meta":[],"product_brand":[],"product_cat":[67,38,45],"product_tag":[],"class_list":{"0":"post-1678","1":"product","2":"type-product","3":"status-publish","4":"has-post-thumbnail","6":"product_cat-grandsformats","7":"product_cat-sacs-a-main","8":"product_cat-sacs-porte-epaule","10":"first","11":"instock","12":"sale","13":"taxable","14":"shipping-taxable","15":"purchasable","16":"product-type-simple"},"jetpack_sharing_enabled":true,"_links":{"self":[{"href":"https:\/\/www.mozaiko.ch\/index.php?rest_route=\/wp\/v2\/product\/1678","targetHints":{"allow":["GET"]}}],"collection":[{"href":"https:\/\/www.mozaiko.ch\/index.php?rest_route=\/wp\/v2\/product"}],"about":[{"href":"https:\/\/www.mozaiko.ch\/index.php?rest_route=\/wp\/v2\/types\/product"}],"wp:featuredmedia":[{"embeddable":true,"href":"https:\/\/www.mozaiko.ch\/index.php?rest_route=\/wp\/v2\/media\/32035"}],"wp:attachment":[{"href":"https:\/\/www.mozaiko.ch\/index.php?rest_route=%2Fwp%2Fv2%2Fmedia&parent=1678"}],"wp:term":[{"taxonomy":"product_brand","embeddable":true,"href":"https:\/\/www.mozaiko.ch\/index.php?rest_route=%2Fwp%2Fv2%2Fproduct_brand&post=1678"},{"taxonomy":"product_cat","embeddable":true,"href":"https:\/\/www.mozaiko.ch\/index.php?rest_route=%2Fwp%2Fv2%2Fproduct_cat&post=1678"},{"taxonomy":"product_tag","embeddable":true,"href":"https:\/\/www.mozaiko.ch\/index.php?rest_route=%2Fwp%2Fv2%2Fproduct_tag&post=1678"}],"curies":[{"name":"wp","href":"https:\/\/api.w.org\/{rel}","templated":true}]}}