{"id":2053,"date":"2020-02-09T15:44:57","date_gmt":"2020-02-09T14:44:57","guid":{"rendered":"http:\/\/www.mozaiko.ch\/?post_type=product&#038;p=2053"},"modified":"2024-10-07T09:51:00","modified_gmt":"2024-10-07T07:51:00","slug":"mozaiko-25red","status":"publish","type":"product","link":"https:\/\/www.mozaiko.ch\/?product=mozaiko-25red","title":{"rendered":"Mozaiko 25SOIRED"},"content":{"rendered":"<p><span data-sheets-value=\"{&quot;1&quot;:2,&quot;2&quot;:&quot;Toucher et visuel glac\u00e9s pour ce sac hyper \u00e9l\u00e9gant. Le design FROST met en valeur vos tenues de jour comme de nuit ! Dimensions : 25*14.5*7cm Gamme : Frost Couleur : Rouge cendr\u00e9&quot;}\" data-sheets-userformat=\"{&quot;2&quot;:14785,&quot;3&quot;:[null,2,&quot;_(&quot;$&quot;* #,##0.00_);_(&quot;$&quot;* (#,##0.00);_(&quot;$&quot;* &quot;-&quot;??_);_(@_)&quot;,1],&quot;9&quot;:0,&quot;10&quot;:1,&quot;11&quot;:4,&quot;14&quot;:[null,2,0],&quot;15&quot;:&quot;Calibri&quot;,&quot;16&quot;:9}\" data-sheets-formula=\"=RECHERCHEV(R[0]C[-2];forsale!R4C1:R324C20;6;FAUX)\">Toucher et visuel glac\u00e9s pour ce sac hyper \u00e9l\u00e9gant. Le design FROST met en valeur vos tenues de jour comme de nuit !<br \/>\nDimensions : 25*14.5*7cm<br \/>\nGamme : Frost<br \/>\nCouleur : Rouge cendr\u00e9 <\/span><\/p>\n","protected":false},"excerpt":{"rendered":"<p><span data-sheets-value=\"{&quot;1&quot;:2,&quot;2&quot;:&quot;Toucher et visuel glac\u00e9s pour ce sac hyper \u00e9l\u00e9gant. Le design FROST met en valeur vos tenues de jour comme de nuit ! Dimensions : 25*14.5*7cm Gamme : Frost Couleur : Rouge cendr\u00e9&quot;}\" data-sheets-userformat=\"{&quot;2&quot;:14785,&quot;3&quot;:[null,2,&quot;_(&quot;$&quot;* #,##0.00_);_(&quot;$&quot;* (#,##0.00);_(&quot;$&quot;* &quot;-&quot;??_);_(@_)&quot;,1],&quot;9&quot;:0,&quot;10&quot;:1,&quot;11&quot;:4,&quot;14&quot;:[null,2,0],&quot;15&quot;:&quot;Calibri&quot;,&quot;16&quot;:9}\" data-sheets-formula=\"=RECHERCHEV(R[0]C[-2];forsale!R4C1:R324C20;6;FAUX)\">Toucher et visuel glac\u00e9s pour ce sac hyper \u00e9l\u00e9gant. Le design FROST met en valeur vos tenues de jour comme de nuit !<br \/>\nDimensions : 25*14.5*7cm<br \/>\nGamme : Frost<br \/>\nCouleur : Rouge cendr\u00e9 <\/span><\/p>\n","protected":false},"featured_media":32091,"template":"","meta":[],"product_brand":[],"product_cat":[43,38,44,40,45],"product_tag":[],"class_list":{"0":"post-2053","1":"product","2":"type-product","3":"status-publish","4":"has-post-thumbnail","6":"product_cat-minisacs","7":"product_cat-sacs-a-main","8":"product_cat-sacs-bandouliere","9":"product_cat-sacs-pochettes","10":"product_cat-sacs-porte-epaule","12":"first","13":"instock","14":"taxable","15":"shipping-taxable","16":"purchasable","17":"product-type-simple"},"jetpack_sharing_enabled":true,"_links":{"self":[{"href":"https:\/\/www.mozaiko.ch\/index.php?rest_route=\/wp\/v2\/product\/2053","targetHints":{"allow":["GET"]}}],"collection":[{"href":"https:\/\/www.mozaiko.ch\/index.php?rest_route=\/wp\/v2\/product"}],"about":[{"href":"https:\/\/www.mozaiko.ch\/index.php?rest_route=\/wp\/v2\/types\/product"}],"wp:featuredmedia":[{"embeddable":true,"href":"https:\/\/www.mozaiko.ch\/index.php?rest_route=\/wp\/v2\/media\/32091"}],"wp:attachment":[{"href":"https:\/\/www.mozaiko.ch\/index.php?rest_route=%2Fwp%2Fv2%2Fmedia&parent=2053"}],"wp:term":[{"taxonomy":"product_brand","embeddable":true,"href":"https:\/\/www.mozaiko.ch\/index.php?rest_route=%2Fwp%2Fv2%2Fproduct_brand&post=2053"},{"taxonomy":"product_cat","embeddable":true,"href":"https:\/\/www.mozaiko.ch\/index.php?rest_route=%2Fwp%2Fv2%2Fproduct_cat&post=2053"},{"taxonomy":"product_tag","embeddable":true,"href":"https:\/\/www.mozaiko.ch\/index.php?rest_route=%2Fwp%2Fv2%2Fproduct_tag&post=2053"}],"curies":[{"name":"wp","href":"https:\/\/api.w.org\/{rel}","templated":true}]}}