{"id":2093,"date":"2020-02-09T16:01:43","date_gmt":"2020-02-09T15:01:43","guid":{"rendered":"http:\/\/www.mozaiko.ch\/?post_type=product&#038;p=2093"},"modified":"2024-10-17T12:54:35","modified_gmt":"2024-10-17T10:54:35","slug":"mozaiko-26black","status":"publish","type":"product","link":"https:\/\/www.mozaiko.ch\/?product=mozaiko-26black","title":{"rendered":"Mozaiko 26BLACK"},"content":{"rendered":"<p><span data-sheets-value=\"{&quot;1&quot;:2,&quot;2&quot;:&quot;Sac girly, transformable en pochette ! Toucher soft, mati\u00e8re Glossy noir. 2 grands compartiments, 1 poche ouverte format carte et 2 poches zipp\u00e9es. Bandouli\u00e8re r\u00e9glable. Dimensions : 26 x 17 x 3 Gamme : Glossy&quot;}\" data-sheets-userformat=\"{&quot;2&quot;:14785,&quot;3&quot;:[null,2,&quot;_(&quot;$&quot;* #,##0.00_);_(&quot;$&quot;* (#,##0.00);_(&quot;$&quot;* &quot;-&quot;??_);_(@_)&quot;,1],&quot;9&quot;:0,&quot;10&quot;:1,&quot;11&quot;:4,&quot;14&quot;:[null,2,0],&quot;15&quot;:&quot;Calibri&quot;,&quot;16&quot;:9}\" data-sheets-formula=\"=RECHERCHEV(R[0]C[-2];forsale!R4C1:R324C20;6;FAUX)\">Sac girly, transformable en pochette ! Toucher soft, mati\u00e8re Glossy noir.<br \/>\n2 grands compartiments, 1 poche ouverte format carte et 2 poches zipp\u00e9es. Bandouli\u00e8re r\u00e9glable.<br \/>\nDimensions : 26 x 17 x 3<br \/>\nGamme : Glossy <\/span><\/p>\n","protected":false},"excerpt":{"rendered":"<p><span data-sheets-value=\"{&quot;1&quot;:2,&quot;2&quot;:&quot;Sac girly, transformable en pochette ! Toucher soft, mati\u00e8re Glossy noir. 2 grands compartiments, 1 poche ouverte format carte et 2 poches zipp\u00e9es. Bandouli\u00e8re r\u00e9glable. Dimensions : 26 x 17 x 3 Gamme : Glossy&quot;}\" data-sheets-userformat=\"{&quot;2&quot;:14785,&quot;3&quot;:[null,2,&quot;_(&quot;$&quot;* #,##0.00_);_(&quot;$&quot;* (#,##0.00);_(&quot;$&quot;* &quot;-&quot;??_);_(@_)&quot;,1],&quot;9&quot;:0,&quot;10&quot;:1,&quot;11&quot;:4,&quot;14&quot;:[null,2,0],&quot;15&quot;:&quot;Calibri&quot;,&quot;16&quot;:9}\" data-sheets-formula=\"=RECHERCHEV(R[0]C[-2];forsale!R4C1:R324C20;6;FAUX)\">Sac girly, transformable en pochette ! Toucher soft, mati\u00e8re Glossy noir.<br \/>\n2 grands compartiments, 1 poche ouverte format carte et 2 poches zipp\u00e9es. Bandouli\u00e8re r\u00e9glable.<br \/>\nDimensions : 26 x 17 x 3<br \/>\nGamme : Glossy <\/span><\/p>\n","protected":false},"featured_media":32114,"template":"","meta":[],"product_brand":[],"product_cat":[38,44,45],"product_tag":[],"class_list":{"0":"post-2093","1":"product","2":"type-product","3":"status-publish","4":"has-post-thumbnail","6":"product_cat-sacs-a-main","7":"product_cat-sacs-bandouliere","8":"product_cat-sacs-porte-epaule","10":"first","11":"instock","12":"sale","13":"taxable","14":"shipping-taxable","15":"purchasable","16":"product-type-simple"},"jetpack_sharing_enabled":true,"_links":{"self":[{"href":"https:\/\/www.mozaiko.ch\/index.php?rest_route=\/wp\/v2\/product\/2093","targetHints":{"allow":["GET"]}}],"collection":[{"href":"https:\/\/www.mozaiko.ch\/index.php?rest_route=\/wp\/v2\/product"}],"about":[{"href":"https:\/\/www.mozaiko.ch\/index.php?rest_route=\/wp\/v2\/types\/product"}],"wp:featuredmedia":[{"embeddable":true,"href":"https:\/\/www.mozaiko.ch\/index.php?rest_route=\/wp\/v2\/media\/32114"}],"wp:attachment":[{"href":"https:\/\/www.mozaiko.ch\/index.php?rest_route=%2Fwp%2Fv2%2Fmedia&parent=2093"}],"wp:term":[{"taxonomy":"product_brand","embeddable":true,"href":"https:\/\/www.mozaiko.ch\/index.php?rest_route=%2Fwp%2Fv2%2Fproduct_brand&post=2093"},{"taxonomy":"product_cat","embeddable":true,"href":"https:\/\/www.mozaiko.ch\/index.php?rest_route=%2Fwp%2Fv2%2Fproduct_cat&post=2093"},{"taxonomy":"product_tag","embeddable":true,"href":"https:\/\/www.mozaiko.ch\/index.php?rest_route=%2Fwp%2Fv2%2Fproduct_tag&post=2093"}],"curies":[{"name":"wp","href":"https:\/\/api.w.org\/{rel}","templated":true}]}}