{"id":2179,"date":"2020-02-09T16:26:49","date_gmt":"2020-02-09T15:26:49","guid":{"rendered":"http:\/\/www.mozaiko.ch\/?post_type=product&#038;p=2179"},"modified":"2024-10-09T16:34:23","modified_gmt":"2024-10-09T14:34:23","slug":"mozaiko-ban-a-black","status":"publish","type":"product","link":"https:\/\/www.mozaiko.ch\/?product=mozaiko-ban-a-black","title":{"rendered":"Mozaiko BANABLACK"},"content":{"rendered":"<p><span data-sheets-value=\"{&quot;1&quot;:2,&quot;2&quot;:&quot;Toucher et visuel glac\u00e9s pour ce sac banane ! Gamme : Frost &amp; Couleur BLACK Dimensions : 21x10cms Ceinture : 2.5 cms \u00e9p. Jusqu'\u00e0 117cm de long Logo A\u00efko&quot;}\" data-sheets-userformat=\"{&quot;2&quot;:14785,&quot;3&quot;:[null,2,&quot;_(&quot;$&quot;* #,##0.00_);_(&quot;$&quot;* (#,##0.00);_(&quot;$&quot;* &quot;-&quot;??_);_(@_)&quot;,1],&quot;9&quot;:0,&quot;10&quot;:1,&quot;11&quot;:4,&quot;14&quot;:[null,2,0],&quot;15&quot;:&quot;Calibri&quot;,&quot;16&quot;:9}\" data-sheets-formula=\"=RECHERCHEV(R[0]C[-2];forsale!R4C1:R324C20;6;FAUX)\">Toucher et visuel glac\u00e9s pour ce sac banane !<br \/>\nGamme : Frost &amp; Couleur BLACK<br \/>\nDimensions : 21x10cms<br \/>\nCeinture : 2.5 cms \u00e9p. Jusqu&rsquo;\u00e0 117cm de long<br \/>\nLogo A\u00efko <\/span><\/p>\n","protected":false},"excerpt":{"rendered":"<p><span data-sheets-value=\"{&quot;1&quot;:2,&quot;2&quot;:&quot;Toucher et visuel glac\u00e9s pour ce sac banane ! Gamme : Frost &amp; Couleur BLACK Dimensions : 21x10cms Ceinture : 2.5 cms \u00e9p. Jusqu'\u00e0 117cm de long Logo A\u00efko&quot;}\" data-sheets-userformat=\"{&quot;2&quot;:14785,&quot;3&quot;:[null,2,&quot;_(&quot;$&quot;* #,##0.00_);_(&quot;$&quot;* (#,##0.00);_(&quot;$&quot;* &quot;-&quot;??_);_(@_)&quot;,1],&quot;9&quot;:0,&quot;10&quot;:1,&quot;11&quot;:4,&quot;14&quot;:[null,2,0],&quot;15&quot;:&quot;Calibri&quot;,&quot;16&quot;:9}\" data-sheets-formula=\"=RECHERCHEV(R[0]C[-2];forsale!R4C1:R324C20;6;FAUX)\">Toucher et visuel glac\u00e9s pour ce sac banane !<br \/>\nGamme : Frost &amp; Couleur BLACK<br \/>\nDimensions : 21x10cms<br \/>\nCeinture : 2.5 cms \u00e9p. Jusqu&rsquo;\u00e0 117cm de long<br \/>\nLogo A\u00efko <\/span><\/p>\n","protected":false},"featured_media":32170,"template":"","meta":[],"product_brand":[],"product_cat":[39,44],"product_tag":[],"class_list":{"0":"post-2179","1":"product","2":"type-product","3":"status-publish","4":"has-post-thumbnail","6":"product_cat-sacs-banane","7":"product_cat-sacs-bandouliere","9":"first","10":"instock","11":"taxable","12":"shipping-taxable","13":"purchasable","14":"product-type-simple"},"jetpack_sharing_enabled":true,"_links":{"self":[{"href":"https:\/\/www.mozaiko.ch\/index.php?rest_route=\/wp\/v2\/product\/2179","targetHints":{"allow":["GET"]}}],"collection":[{"href":"https:\/\/www.mozaiko.ch\/index.php?rest_route=\/wp\/v2\/product"}],"about":[{"href":"https:\/\/www.mozaiko.ch\/index.php?rest_route=\/wp\/v2\/types\/product"}],"wp:featuredmedia":[{"embeddable":true,"href":"https:\/\/www.mozaiko.ch\/index.php?rest_route=\/wp\/v2\/media\/32170"}],"wp:attachment":[{"href":"https:\/\/www.mozaiko.ch\/index.php?rest_route=%2Fwp%2Fv2%2Fmedia&parent=2179"}],"wp:term":[{"taxonomy":"product_brand","embeddable":true,"href":"https:\/\/www.mozaiko.ch\/index.php?rest_route=%2Fwp%2Fv2%2Fproduct_brand&post=2179"},{"taxonomy":"product_cat","embeddable":true,"href":"https:\/\/www.mozaiko.ch\/index.php?rest_route=%2Fwp%2Fv2%2Fproduct_cat&post=2179"},{"taxonomy":"product_tag","embeddable":true,"href":"https:\/\/www.mozaiko.ch\/index.php?rest_route=%2Fwp%2Fv2%2Fproduct_tag&post=2179"}],"curies":[{"name":"wp","href":"https:\/\/api.w.org\/{rel}","templated":true}]}}