{"id":2201,"date":"2020-02-09T16:32:17","date_gmt":"2020-02-09T15:32:17","guid":{"rendered":"http:\/\/www.mozaiko.ch\/?post_type=product&#038;p=2201"},"modified":"2024-10-07T09:48:15","modified_gmt":"2024-10-07T07:48:15","slug":"mozaiko-ban-a-chaine","status":"publish","type":"product","link":"https:\/\/www.mozaiko.ch\/?product=mozaiko-ban-a-chaine","title":{"rendered":"Mozaiko BANACHAINE"},"content":{"rendered":"<p><span data-sheets-value=\"{&quot;1&quot;:2,&quot;2&quot;:&quot;Sac banane \u00e0 cha\u00eene pour une silhouette affin\u00e9e, paillet\u00e9 juste comme il faut ! Gamme : Frost &amp; Couleur SHINY Dimensions : 21x10cms Ceinture : Cha\u00eene r\u00e9glable Logo A\u00efko&quot;}\" data-sheets-userformat=\"{&quot;2&quot;:14785,&quot;3&quot;:[null,2,&quot;_(&quot;$&quot;* #,##0.00_);_(&quot;$&quot;* (#,##0.00);_(&quot;$&quot;* &quot;-&quot;??_);_(@_)&quot;,1],&quot;9&quot;:0,&quot;10&quot;:1,&quot;11&quot;:4,&quot;14&quot;:[null,2,0],&quot;15&quot;:&quot;Calibri&quot;,&quot;16&quot;:9}\" data-sheets-formula=\"=RECHERCHEV(R[0]C[-2];forsale!R4C1:R324C20;6;FAUX)\">Sac banane \u00e0 cha\u00eene pour une silhouette affin\u00e9e, paillet\u00e9 juste comme il faut !<br \/>\nGamme : Frost &amp; Couleur SHINY<br \/>\nDimensions : 21x10cms<br \/>\nCeinture : Cha\u00eene r\u00e9glable<br \/>\nLogo A\u00efko <\/span><\/p>\n","protected":false},"excerpt":{"rendered":"<p><span data-sheets-value=\"{&quot;1&quot;:2,&quot;2&quot;:&quot;Sac banane \u00e0 cha\u00eene pour une silhouette affin\u00e9e, paillet\u00e9 juste comme il faut ! Gamme : Frost &amp; Couleur SHINY Dimensions : 21x10cms Ceinture : Cha\u00eene r\u00e9glable Logo A\u00efko&quot;}\" data-sheets-userformat=\"{&quot;2&quot;:14785,&quot;3&quot;:[null,2,&quot;_(&quot;$&quot;* #,##0.00_);_(&quot;$&quot;* (#,##0.00);_(&quot;$&quot;* &quot;-&quot;??_);_(@_)&quot;,1],&quot;9&quot;:0,&quot;10&quot;:1,&quot;11&quot;:4,&quot;14&quot;:[null,2,0],&quot;15&quot;:&quot;Calibri&quot;,&quot;16&quot;:9}\" data-sheets-formula=\"=RECHERCHEV(R[0]C[-2];forsale!R4C1:R324C20;6;FAUX)\">Sac banane \u00e0 cha\u00eene pour une silhouette affin\u00e9e, paillet\u00e9 juste comme il faut !<br \/>\nGamme : Frost &amp; Couleur SHINY<br \/>\nDimensions : 21x10cms<br \/>\nCeinture : Cha\u00eene r\u00e9glable<br \/>\nLogo A\u00efko <\/span><\/p>\n","protected":false},"featured_media":32178,"template":"","meta":[],"product_brand":[],"product_cat":[39,44],"product_tag":[],"class_list":{"0":"post-2201","1":"product","2":"type-product","3":"status-publish","4":"has-post-thumbnail","6":"product_cat-sacs-banane","7":"product_cat-sacs-bandouliere","9":"first","10":"outofstock","11":"taxable","12":"shipping-taxable","13":"purchasable","14":"product-type-simple"},"jetpack_sharing_enabled":true,"_links":{"self":[{"href":"https:\/\/www.mozaiko.ch\/index.php?rest_route=\/wp\/v2\/product\/2201","targetHints":{"allow":["GET"]}}],"collection":[{"href":"https:\/\/www.mozaiko.ch\/index.php?rest_route=\/wp\/v2\/product"}],"about":[{"href":"https:\/\/www.mozaiko.ch\/index.php?rest_route=\/wp\/v2\/types\/product"}],"wp:featuredmedia":[{"embeddable":true,"href":"https:\/\/www.mozaiko.ch\/index.php?rest_route=\/wp\/v2\/media\/32178"}],"wp:attachment":[{"href":"https:\/\/www.mozaiko.ch\/index.php?rest_route=%2Fwp%2Fv2%2Fmedia&parent=2201"}],"wp:term":[{"taxonomy":"product_brand","embeddable":true,"href":"https:\/\/www.mozaiko.ch\/index.php?rest_route=%2Fwp%2Fv2%2Fproduct_brand&post=2201"},{"taxonomy":"product_cat","embeddable":true,"href":"https:\/\/www.mozaiko.ch\/index.php?rest_route=%2Fwp%2Fv2%2Fproduct_cat&post=2201"},{"taxonomy":"product_tag","embeddable":true,"href":"https:\/\/www.mozaiko.ch\/index.php?rest_route=%2Fwp%2Fv2%2Fproduct_tag&post=2201"}],"curies":[{"name":"wp","href":"https:\/\/api.w.org\/{rel}","templated":true}]}}