{"id":2245,"date":"2020-02-09T16:45:08","date_gmt":"2020-02-09T15:45:08","guid":{"rendered":"http:\/\/www.mozaiko.ch\/?post_type=product&#038;p=2245"},"modified":"2025-12-18T01:34:16","modified_gmt":"2025-12-18T00:34:16","slug":"mozaiko-ban-a-soiblack","status":"publish","type":"product","link":"https:\/\/www.mozaiko.ch\/?product=mozaiko-ban-a-soiblack","title":{"rendered":"Mozaiko BANASOIBLACK"},"content":{"rendered":"<p><span data-sheets-value=\"{&quot;1&quot;:2,&quot;2&quot;:&quot;Toucher et visuel glac\u00e9s pour ce sac banane Gamme : Frost &amp; couleur Black Dimensions : 21x10cms Ceinture : 2.5 cms \u00e9p. Jusqu'\u00e0 117cm de long Logo A\u00efko&quot;}\" data-sheets-userformat=\"{&quot;2&quot;:14785,&quot;3&quot;:[null,2,&quot;_(&quot;$&quot;* #,##0.00_);_(&quot;$&quot;* (#,##0.00);_(&quot;$&quot;* &quot;-&quot;??_);_(@_)&quot;,1],&quot;9&quot;:0,&quot;10&quot;:1,&quot;11&quot;:4,&quot;14&quot;:[null,2,0],&quot;15&quot;:&quot;Calibri&quot;,&quot;16&quot;:9}\" data-sheets-formula=\"=RECHERCHEV(R[0]C[-2];forsale!R4C1:R324C20;6;FAUX)\">Toucher et visuel glac\u00e9s pour ce sac banane<br \/>\nGamme : Frost &amp; couleur Black<br \/>\nDimensions : 21x10cms<br \/>\nCeinture : 2.5 cms \u00e9p. Jusqu&rsquo;\u00e0 117cm de long<br \/>\nLogo A\u00efko <\/span><\/p>\n","protected":false},"excerpt":{"rendered":"<p><span data-sheets-value=\"{&quot;1&quot;:2,&quot;2&quot;:&quot;Toucher et visuel glac\u00e9s pour ce sac banane Gamme : Frost &amp; couleur Black Dimensions : 21x10cms Ceinture : 2.5 cms \u00e9p. Jusqu'\u00e0 117cm de long Logo A\u00efko&quot;}\" data-sheets-userformat=\"{&quot;2&quot;:14785,&quot;3&quot;:[null,2,&quot;_(&quot;$&quot;* #,##0.00_);_(&quot;$&quot;* (#,##0.00);_(&quot;$&quot;* &quot;-&quot;??_);_(@_)&quot;,1],&quot;9&quot;:0,&quot;10&quot;:1,&quot;11&quot;:4,&quot;14&quot;:[null,2,0],&quot;15&quot;:&quot;Calibri&quot;,&quot;16&quot;:9}\" data-sheets-formula=\"=RECHERCHEV(R[0]C[-2];forsale!R4C1:R324C20;6;FAUX)\">Toucher et visuel glac\u00e9s pour ce sac banane<br \/>\nGamme : Frost &amp; couleur Black<br \/>\nDimensions : 21x10cms<br \/>\nCeinture : 2.5 cms \u00e9p. Jusqu&rsquo;\u00e0 117cm de long<br \/>\nLogo A\u00efko <\/span><\/p>\n","protected":false},"featured_media":32213,"template":"","meta":[],"product_brand":[],"product_cat":[39,44],"product_tag":[],"class_list":{"0":"post-2245","1":"product","2":"type-product","3":"status-publish","4":"has-post-thumbnail","6":"product_cat-sacs-banane","7":"product_cat-sacs-bandouliere","9":"first","10":"instock","11":"taxable","12":"shipping-taxable","13":"purchasable","14":"product-type-simple"},"jetpack_sharing_enabled":true,"_links":{"self":[{"href":"https:\/\/www.mozaiko.ch\/index.php?rest_route=\/wp\/v2\/product\/2245","targetHints":{"allow":["GET"]}}],"collection":[{"href":"https:\/\/www.mozaiko.ch\/index.php?rest_route=\/wp\/v2\/product"}],"about":[{"href":"https:\/\/www.mozaiko.ch\/index.php?rest_route=\/wp\/v2\/types\/product"}],"wp:featuredmedia":[{"embeddable":true,"href":"https:\/\/www.mozaiko.ch\/index.php?rest_route=\/wp\/v2\/media\/32213"}],"wp:attachment":[{"href":"https:\/\/www.mozaiko.ch\/index.php?rest_route=%2Fwp%2Fv2%2Fmedia&parent=2245"}],"wp:term":[{"taxonomy":"product_brand","embeddable":true,"href":"https:\/\/www.mozaiko.ch\/index.php?rest_route=%2Fwp%2Fv2%2Fproduct_brand&post=2245"},{"taxonomy":"product_cat","embeddable":true,"href":"https:\/\/www.mozaiko.ch\/index.php?rest_route=%2Fwp%2Fv2%2Fproduct_cat&post=2245"},{"taxonomy":"product_tag","embeddable":true,"href":"https:\/\/www.mozaiko.ch\/index.php?rest_route=%2Fwp%2Fv2%2Fproduct_tag&post=2245"}],"curies":[{"name":"wp","href":"https:\/\/api.w.org\/{rel}","templated":true}]}}