{"id":2424,"date":"2020-02-09T17:40:37","date_gmt":"2020-02-09T16:40:37","guid":{"rendered":"http:\/\/www.mozaiko.ch\/?post_type=product&#038;p=2424"},"modified":"2025-12-06T08:29:43","modified_gmt":"2025-12-06T07:29:43","slug":"mozaiko-boursesilver","status":"publish","type":"product","link":"https:\/\/www.mozaiko.ch\/?product=mozaiko-boursesilver","title":{"rendered":"Mozaiko BOURSESILVER"},"content":{"rendered":"<p><span data-sheets-value=\"{&quot;1&quot;:2,&quot;2&quot;:&quot;Mini Sac Bourse style soie argent\u00e9e, \u00e0 lacets coulissants et bandouli\u00e8re r\u00e9glable Une poche ouverte, une poche zipp\u00e9e Dimensions : 27x17 cms Gamme : Silk Couleur : Silver&quot;}\" data-sheets-userformat=\"{&quot;2&quot;:14785,&quot;3&quot;:[null,2,&quot;_(&quot;$&quot;* #,##0.00_);_(&quot;$&quot;* (#,##0.00);_(&quot;$&quot;* &quot;-&quot;??_);_(@_)&quot;,1],&quot;9&quot;:0,&quot;10&quot;:1,&quot;11&quot;:4,&quot;14&quot;:[null,2,0],&quot;15&quot;:&quot;Calibri&quot;,&quot;16&quot;:9}\" data-sheets-formula=\"=RECHERCHEV(R[0]C[-2];forsale!R4C1:R324C20;6;FAUX)\">Mini Sac Bourse style soie argent\u00e9e, \u00e0 lacets coulissants et bandouli\u00e8re r\u00e9glable<br \/>\nUne poche ouverte, une poche zipp\u00e9e<br \/>\nDimensions : 27&#215;17 cms<br \/>\nGamme : Silk<br \/>\nCouleur : Silver <\/span><\/p>\n","protected":false},"excerpt":{"rendered":"<p><span data-sheets-value=\"{&quot;1&quot;:2,&quot;2&quot;:&quot;Mini Sac Bourse style soie argent\u00e9e, \u00e0 lacets coulissants et bandouli\u00e8re r\u00e9glable Une poche ouverte, une poche zipp\u00e9e Dimensions : 27x17 cms Gamme : Silk Couleur : Silver&quot;}\" data-sheets-userformat=\"{&quot;2&quot;:14785,&quot;3&quot;:[null,2,&quot;_(&quot;$&quot;* #,##0.00_);_(&quot;$&quot;* (#,##0.00);_(&quot;$&quot;* &quot;-&quot;??_);_(@_)&quot;,1],&quot;9&quot;:0,&quot;10&quot;:1,&quot;11&quot;:4,&quot;14&quot;:[null,2,0],&quot;15&quot;:&quot;Calibri&quot;,&quot;16&quot;:9}\" data-sheets-formula=\"=RECHERCHEV(R[0]C[-2];forsale!R4C1:R324C20;6;FAUX)\">Mini Sac Bourse style soie argent\u00e9e, \u00e0 lacets coulissants et bandouli\u00e8re r\u00e9glable<br \/>\nUne poche ouverte, une poche zipp\u00e9e<br \/>\nDimensions : 27&#215;17 cms<br \/>\nGamme : Silk<br \/>\nCouleur : Silver <\/span><\/p>\n","protected":false},"featured_media":32330,"template":"","meta":[],"product_brand":[],"product_cat":[44,41],"product_tag":[],"class_list":{"0":"post-2424","1":"product","2":"type-product","3":"status-publish","4":"has-post-thumbnail","6":"product_cat-sacs-bandouliere","7":"product_cat-sacs-seau","9":"first","10":"instock","11":"taxable","12":"shipping-taxable","13":"purchasable","14":"product-type-simple"},"jetpack_sharing_enabled":true,"_links":{"self":[{"href":"https:\/\/www.mozaiko.ch\/index.php?rest_route=\/wp\/v2\/product\/2424","targetHints":{"allow":["GET"]}}],"collection":[{"href":"https:\/\/www.mozaiko.ch\/index.php?rest_route=\/wp\/v2\/product"}],"about":[{"href":"https:\/\/www.mozaiko.ch\/index.php?rest_route=\/wp\/v2\/types\/product"}],"wp:featuredmedia":[{"embeddable":true,"href":"https:\/\/www.mozaiko.ch\/index.php?rest_route=\/wp\/v2\/media\/32330"}],"wp:attachment":[{"href":"https:\/\/www.mozaiko.ch\/index.php?rest_route=%2Fwp%2Fv2%2Fmedia&parent=2424"}],"wp:term":[{"taxonomy":"product_brand","embeddable":true,"href":"https:\/\/www.mozaiko.ch\/index.php?rest_route=%2Fwp%2Fv2%2Fproduct_brand&post=2424"},{"taxonomy":"product_cat","embeddable":true,"href":"https:\/\/www.mozaiko.ch\/index.php?rest_route=%2Fwp%2Fv2%2Fproduct_cat&post=2424"},{"taxonomy":"product_tag","embeddable":true,"href":"https:\/\/www.mozaiko.ch\/index.php?rest_route=%2Fwp%2Fv2%2Fproduct_tag&post=2424"}],"curies":[{"name":"wp","href":"https:\/\/api.w.org\/{rel}","templated":true}]}}