{"id":2516,"date":"2020-02-10T09:51:15","date_gmt":"2020-02-10T08:51:15","guid":{"rendered":"http:\/\/www.mozaiko.ch\/?post_type=product&#038;p=2516"},"modified":"2024-10-07T09:03:04","modified_gmt":"2024-10-07T07:03:04","slug":"mozaiko-sac-a-dos-homme","status":"publish","type":"product","link":"https:\/\/www.mozaiko.ch\/?product=mozaiko-sac-a-dos-homme","title":{"rendered":"Mozaiko BACKMLU"},"content":{"rendered":"<p><span data-sheets-value=\"{&quot;1&quot;:2,&quot;2&quot;:&quot;Lumineux ! Ce sac \u00e0 dos est con\u00e7u dans une mati\u00e8re qui r\u00e9fl\u00e9chit la lumi\u00e8re ! Dimensions : 35x26,5x10 cms Gamme : Lumineux &quot;}\" data-sheets-userformat=\"{&quot;2&quot;:14785,&quot;3&quot;:[null,2,&quot;_(&quot;$&quot;* #,##0.00_);_(&quot;$&quot;* (#,##0.00);_(&quot;$&quot;* &quot;-&quot;??_);_(@_)&quot;,1],&quot;9&quot;:0,&quot;10&quot;:1,&quot;11&quot;:4,&quot;14&quot;:[null,2,0],&quot;15&quot;:&quot;Calibri&quot;,&quot;16&quot;:9}\" data-sheets-formula=\"=RECHERCHEV(R[0]C[-2];forsale!R4C1:R324C20;6;FAUX)\">Lumineux !<br \/>\nCe sac \u00e0 dos est con\u00e7u dans une mati\u00e8re qui r\u00e9fl\u00e9chit la lumi\u00e8re !<br \/>\nDimensions : 35&#215;26,5&#215;10 cms<br \/>\nGamme : Lumineux <\/span><\/p>\n","protected":false},"excerpt":{"rendered":"<p><span data-sheets-value=\"{&quot;1&quot;:2,&quot;2&quot;:&quot;Lumineux ! Ce sac \u00e0 dos est con\u00e7u dans une mati\u00e8re qui r\u00e9fl\u00e9chit la lumi\u00e8re ! Dimensions : 35x26,5x10 cms Gamme : Lumineux &quot;}\" data-sheets-userformat=\"{&quot;2&quot;:14785,&quot;3&quot;:[null,2,&quot;_(&quot;$&quot;* #,##0.00_);_(&quot;$&quot;* (#,##0.00);_(&quot;$&quot;* &quot;-&quot;??_);_(@_)&quot;,1],&quot;9&quot;:0,&quot;10&quot;:1,&quot;11&quot;:4,&quot;14&quot;:[null,2,0],&quot;15&quot;:&quot;Calibri&quot;,&quot;16&quot;:9}\" data-sheets-formula=\"=RECHERCHEV(R[0]C[-2];forsale!R4C1:R324C20;6;FAUX)\">Lumineux !<br \/>\nCe sac \u00e0 dos est con\u00e7u dans une mati\u00e8re qui r\u00e9fl\u00e9chit la lumi\u00e8re !<br \/>\nDimensions : 35&#215;26,5&#215;10 cms<br \/>\nGamme : Lumineux <\/span><\/p>\n","protected":false},"featured_media":32351,"template":"","meta":[],"product_brand":[],"product_cat":[],"product_tag":[],"class_list":{"0":"post-2516","1":"product","2":"type-product","3":"status-publish","4":"has-post-thumbnail","7":"first","8":"instock","9":"taxable","10":"shipping-taxable","11":"purchasable","12":"product-type-simple"},"jetpack_sharing_enabled":true,"_links":{"self":[{"href":"https:\/\/www.mozaiko.ch\/index.php?rest_route=\/wp\/v2\/product\/2516","targetHints":{"allow":["GET"]}}],"collection":[{"href":"https:\/\/www.mozaiko.ch\/index.php?rest_route=\/wp\/v2\/product"}],"about":[{"href":"https:\/\/www.mozaiko.ch\/index.php?rest_route=\/wp\/v2\/types\/product"}],"wp:featuredmedia":[{"embeddable":true,"href":"https:\/\/www.mozaiko.ch\/index.php?rest_route=\/wp\/v2\/media\/32351"}],"wp:attachment":[{"href":"https:\/\/www.mozaiko.ch\/index.php?rest_route=%2Fwp%2Fv2%2Fmedia&parent=2516"}],"wp:term":[{"taxonomy":"product_brand","embeddable":true,"href":"https:\/\/www.mozaiko.ch\/index.php?rest_route=%2Fwp%2Fv2%2Fproduct_brand&post=2516"},{"taxonomy":"product_cat","embeddable":true,"href":"https:\/\/www.mozaiko.ch\/index.php?rest_route=%2Fwp%2Fv2%2Fproduct_cat&post=2516"},{"taxonomy":"product_tag","embeddable":true,"href":"https:\/\/www.mozaiko.ch\/index.php?rest_route=%2Fwp%2Fv2%2Fproduct_tag&post=2516"}],"curies":[{"name":"wp","href":"https:\/\/api.w.org\/{rel}","templated":true}]}}