{"id":33002,"date":"2024-10-17T12:47:20","date_gmt":"2024-10-17T10:47:20","guid":{"rendered":"https:\/\/www.mozaiko.ch\/?post_type=product&#038;p=33002"},"modified":"2024-10-17T12:51:20","modified_gmt":"2024-10-17T10:51:20","slug":"mozaiko-38soiblacklu","status":"publish","type":"product","link":"https:\/\/www.mozaiko.ch\/?product=mozaiko-38soiblacklu","title":{"rendered":"Mozaiko 38SOIBLACKLU"},"content":{"rendered":"<p>Biface ! Lumineux d&rsquo;un cot\u00e9, Noir mat de l&rsquo;autre.<br \/>\nCe sac est con\u00e7u dans une mati\u00e8re qui r\u00e9fl\u00e9chit la lumi\u00e8re !<br \/>\nChangez d&rsquo;ambiance et de sac juste, en le retournant.<br \/>\nDimensions : 38 x 26 x 13 cms<br \/>\nGamme : Lumineux et Silk<\/p>\n","protected":false},"excerpt":{"rendered":"<p>Biface ! Lumineux d&rsquo;un cot\u00e9, Noir mat de l&rsquo;autre.<br \/>\nCe sac est con\u00e7u dans une mati\u00e8re qui r\u00e9fl\u00e9chit la lumi\u00e8re !<br \/>\nChangez d&rsquo;ambiance et de sac juste, en le retournant.<br \/>\nDimensions : 38 x 26 x 13 cms<br \/>\nGamme : Lumineux et Silk<\/p>\n","protected":false},"featured_media":33003,"template":"","meta":[],"product_brand":[],"product_cat":[67,38,44,45],"product_tag":[68,69,70],"class_list":{"0":"post-33002","1":"product","2":"type-product","3":"status-publish","4":"has-post-thumbnail","6":"product_cat-grandsformats","7":"product_cat-sacs-a-main","8":"product_cat-sacs-bandouliere","9":"product_cat-sacs-porte-epaule","10":"product_tag-lumineux","11":"product_tag-noir","12":"product_tag-sac-a-main","14":"first","15":"instock","16":"taxable","17":"shipping-taxable","18":"purchasable","19":"product-type-simple"},"jetpack_sharing_enabled":true,"_links":{"self":[{"href":"https:\/\/www.mozaiko.ch\/index.php?rest_route=\/wp\/v2\/product\/33002","targetHints":{"allow":["GET"]}}],"collection":[{"href":"https:\/\/www.mozaiko.ch\/index.php?rest_route=\/wp\/v2\/product"}],"about":[{"href":"https:\/\/www.mozaiko.ch\/index.php?rest_route=\/wp\/v2\/types\/product"}],"wp:featuredmedia":[{"embeddable":true,"href":"https:\/\/www.mozaiko.ch\/index.php?rest_route=\/wp\/v2\/media\/33003"}],"wp:attachment":[{"href":"https:\/\/www.mozaiko.ch\/index.php?rest_route=%2Fwp%2Fv2%2Fmedia&parent=33002"}],"wp:term":[{"taxonomy":"product_brand","embeddable":true,"href":"https:\/\/www.mozaiko.ch\/index.php?rest_route=%2Fwp%2Fv2%2Fproduct_brand&post=33002"},{"taxonomy":"product_cat","embeddable":true,"href":"https:\/\/www.mozaiko.ch\/index.php?rest_route=%2Fwp%2Fv2%2Fproduct_cat&post=33002"},{"taxonomy":"product_tag","embeddable":true,"href":"https:\/\/www.mozaiko.ch\/index.php?rest_route=%2Fwp%2Fv2%2Fproduct_tag&post=33002"}],"curies":[{"name":"wp","href":"https:\/\/api.w.org\/{rel}","templated":true}]}}