{"id":6430,"date":"2022-07-26T13:44:25","date_gmt":"2022-07-26T11:44:25","guid":{"rendered":"http:\/\/www.mozaiko.ch\/?post_type=product&#038;p=6430"},"modified":"2024-11-13T17:00:32","modified_gmt":"2024-11-13T16:00:32","slug":"mozaiko-20soibeige","status":"publish","type":"product","link":"https:\/\/www.mozaiko.ch\/?product=mozaiko-20soibeige","title":{"rendered":"Mozaiko 20SOIBEIGE"},"content":{"rendered":"<p><span data-sheets-value=\"{&quot;1&quot;:2,&quot;2&quot;:&quot;Wallet, compagnon ou mini sac port\u00e9 avec sa cha\u00eenette. Ultra l\u00e9ger. Dimensions :20 x 10 x 2,5cm Gamme : Silk&quot;}\" data-sheets-userformat=\"{&quot;2&quot;:15037,&quot;3&quot;:{&quot;1&quot;:0},&quot;5&quot;:{&quot;1&quot;:[{&quot;1&quot;:2,&quot;2&quot;:0,&quot;5&quot;:{&quot;1&quot;:2,&quot;2&quot;:0}},{&quot;1&quot;:0,&quot;2&quot;:0,&quot;3&quot;:3},{&quot;1&quot;:1,&quot;2&quot;:0,&quot;4&quot;:1}]},&quot;6&quot;:{&quot;1&quot;:[{&quot;1&quot;:2,&quot;2&quot;:0,&quot;5&quot;:{&quot;1&quot;:2,&quot;2&quot;:0}},{&quot;1&quot;:0,&quot;2&quot;:0,&quot;3&quot;:3},{&quot;1&quot;:1,&quot;2&quot;:0,&quot;4&quot;:1}]},&quot;7&quot;:{&quot;1&quot;:[{&quot;1&quot;:2,&quot;2&quot;:0,&quot;5&quot;:{&quot;1&quot;:2,&quot;2&quot;:0}},{&quot;1&quot;:0,&quot;2&quot;:0,&quot;3&quot;:3},{&quot;1&quot;:1,&quot;2&quot;:0,&quot;4&quot;:1}]},&quot;8&quot;:{&quot;1&quot;:[{&quot;1&quot;:2,&quot;2&quot;:0,&quot;5&quot;:{&quot;1&quot;:2,&quot;2&quot;:0}},{&quot;1&quot;:0,&quot;2&quot;:0,&quot;3&quot;:3},{&quot;1&quot;:1,&quot;2&quot;:0,&quot;4&quot;:1}]},&quot;10&quot;:1,&quot;12&quot;:0,&quot;14&quot;:{&quot;1&quot;:2,&quot;2&quot;:0},&quot;15&quot;:&quot;Calibri&quot;,&quot;16&quot;:10}\">Wallet, compagnon ou mini sac port\u00e9 avec sa cha\u00eenette. Ultra l\u00e9ger.<br \/>\nDimensions :20 x 10 x 2,5cm<br \/>\nGamme : Silk<\/span><\/p>\n<p>MOZAIKO ce sont des sacs hyper l\u00e9gers, mais tr\u00e8s r\u00e9sistants. Des finitions de qualit\u00e9.<br \/>\nL&rsquo;assemblage est r\u00e9alis\u00e9 par thermo soudage (pas de colle !)<br \/>\nImpermeable, fourni avec sa pochette de rangement, rangement \u00e0 plat, cha\u00eene r\u00e9glable pour toutes les hauteurs de port&#8230;.<\/p>\n","protected":false},"excerpt":{"rendered":"<p><span data-sheets-value=\"{&quot;1&quot;:2,&quot;2&quot;:&quot;Wallet, compagnon ou mini sac port\u00e9 avec sa cha\u00eenette. Ultra l\u00e9ger. Dimensions :20 x 10 x 2,5cm Gamme : Silk&quot;}\" data-sheets-userformat=\"{&quot;2&quot;:15037,&quot;3&quot;:{&quot;1&quot;:0},&quot;5&quot;:{&quot;1&quot;:[{&quot;1&quot;:2,&quot;2&quot;:0,&quot;5&quot;:{&quot;1&quot;:2,&quot;2&quot;:0}},{&quot;1&quot;:0,&quot;2&quot;:0,&quot;3&quot;:3},{&quot;1&quot;:1,&quot;2&quot;:0,&quot;4&quot;:1}]},&quot;6&quot;:{&quot;1&quot;:[{&quot;1&quot;:2,&quot;2&quot;:0,&quot;5&quot;:{&quot;1&quot;:2,&quot;2&quot;:0}},{&quot;1&quot;:0,&quot;2&quot;:0,&quot;3&quot;:3},{&quot;1&quot;:1,&quot;2&quot;:0,&quot;4&quot;:1}]},&quot;7&quot;:{&quot;1&quot;:[{&quot;1&quot;:2,&quot;2&quot;:0,&quot;5&quot;:{&quot;1&quot;:2,&quot;2&quot;:0}},{&quot;1&quot;:0,&quot;2&quot;:0,&quot;3&quot;:3},{&quot;1&quot;:1,&quot;2&quot;:0,&quot;4&quot;:1}]},&quot;8&quot;:{&quot;1&quot;:[{&quot;1&quot;:2,&quot;2&quot;:0,&quot;5&quot;:{&quot;1&quot;:2,&quot;2&quot;:0}},{&quot;1&quot;:0,&quot;2&quot;:0,&quot;3&quot;:3},{&quot;1&quot;:1,&quot;2&quot;:0,&quot;4&quot;:1}]},&quot;10&quot;:1,&quot;12&quot;:0,&quot;14&quot;:{&quot;1&quot;:2,&quot;2&quot;:0},&quot;15&quot;:&quot;Calibri&quot;,&quot;16&quot;:10}\">Wallet, compagnon ou mini sac port\u00e9 avec sa cha\u00eenette. Ultra l\u00e9ger.<br \/>\nDimensions :20 x 10 x 2,5cm<br \/>\nGamme : Silk<\/span><\/p>\n","protected":false},"featured_media":32379,"template":"","meta":[],"product_brand":[],"product_cat":[43,55,44],"product_tag":[],"class_list":{"0":"post-6430","1":"product","2":"type-product","3":"status-publish","4":"has-post-thumbnail","6":"product_cat-minisacs","7":"product_cat-portefeuilles","8":"product_cat-sacs-bandouliere","10":"first","11":"instock","12":"taxable","13":"shipping-taxable","14":"purchasable","15":"product-type-simple"},"jetpack_sharing_enabled":true,"_links":{"self":[{"href":"https:\/\/www.mozaiko.ch\/index.php?rest_route=\/wp\/v2\/product\/6430","targetHints":{"allow":["GET"]}}],"collection":[{"href":"https:\/\/www.mozaiko.ch\/index.php?rest_route=\/wp\/v2\/product"}],"about":[{"href":"https:\/\/www.mozaiko.ch\/index.php?rest_route=\/wp\/v2\/types\/product"}],"wp:featuredmedia":[{"embeddable":true,"href":"https:\/\/www.mozaiko.ch\/index.php?rest_route=\/wp\/v2\/media\/32379"}],"wp:attachment":[{"href":"https:\/\/www.mozaiko.ch\/index.php?rest_route=%2Fwp%2Fv2%2Fmedia&parent=6430"}],"wp:term":[{"taxonomy":"product_brand","embeddable":true,"href":"https:\/\/www.mozaiko.ch\/index.php?rest_route=%2Fwp%2Fv2%2Fproduct_brand&post=6430"},{"taxonomy":"product_cat","embeddable":true,"href":"https:\/\/www.mozaiko.ch\/index.php?rest_route=%2Fwp%2Fv2%2Fproduct_cat&post=6430"},{"taxonomy":"product_tag","embeddable":true,"href":"https:\/\/www.mozaiko.ch\/index.php?rest_route=%2Fwp%2Fv2%2Fproduct_tag&post=6430"}],"curies":[{"name":"wp","href":"https:\/\/api.w.org\/{rel}","templated":true}]}}