{"id":6439,"date":"2022-07-26T13:57:43","date_gmt":"2022-07-26T11:57:43","guid":{"rendered":"http:\/\/www.mozaiko.ch\/?post_type=product&#038;p=6439"},"modified":"2024-10-07T09:01:13","modified_gmt":"2024-10-07T07:01:13","slug":"mozaiko-23soiblackholo","status":"publish","type":"product","link":"https:\/\/www.mozaiko.ch\/?product=mozaiko-23soiblackholo","title":{"rendered":"Mozaiko 23SOIBLACKHOLO"},"content":{"rendered":"<p><span data-sheets-value=\"{&quot;1&quot;:2,&quot;2&quot;:&quot;Sac a main ou pochette au look unique et Bi Colore !nDimensions :23 x 15 x 2.5cm nGamme : Bicolore&quot;}\" data-sheets-userformat=\"{&quot;2&quot;:14785,&quot;3&quot;:{&quot;1&quot;:2,&quot;2&quot;:&quot;_(&quot;$&quot;* #,##0.00_);_(&quot;$&quot;* (#,##0.00);_(&quot;$&quot;* &quot;-&quot;??_);_(@_)&quot;,&quot;3&quot;:1},&quot;9&quot;:0,&quot;10&quot;:1,&quot;11&quot;:4,&quot;14&quot;:{&quot;1&quot;:2,&quot;2&quot;:0},&quot;15&quot;:&quot;Calibri&quot;,&quot;16&quot;:9}\" data-sheets-formula=\"=RECHERCHEV(R[0]C[-3];forsale!R4C1:R322C18;6;FAUX)\"> Sac a main ou pochette au look unique et Bi Colore !<br \/>\nDimensions :23 x 15 x 2.5cm<br \/>\nGamme : Bicolore <\/span><\/p>\n<p>MOZAIKO ce sont des sacs hyper l\u00e9gers, mais tr\u00e8s r\u00e9sistants. Des finitions de qualit\u00e9.<br \/>\nL&rsquo;assemblage est r\u00e9alis\u00e9 par thermo soudage (pas de colle !)<br \/>\nImpermeable, fourni avec sa pochette de rangement, rangement \u00e0 plat, cha\u00eene r\u00e9glable pour toutes les hauteurs de port&#8230;.<\/p>\n","protected":false},"excerpt":{"rendered":"<p><span data-sheets-value=\"{&quot;1&quot;:2,&quot;2&quot;:&quot;Sac a main ou pochette au look unique et Bi Colore !nDimensions :23 x 15 x 2.5cm nGamme : Bicolore&quot;}\" data-sheets-userformat=\"{&quot;2&quot;:14785,&quot;3&quot;:{&quot;1&quot;:2,&quot;2&quot;:&quot;_(&quot;$&quot;* #,##0.00_);_(&quot;$&quot;* (#,##0.00);_(&quot;$&quot;* &quot;-&quot;??_);_(@_)&quot;,&quot;3&quot;:1},&quot;9&quot;:0,&quot;10&quot;:1,&quot;11&quot;:4,&quot;14&quot;:{&quot;1&quot;:2,&quot;2&quot;:0},&quot;15&quot;:&quot;Calibri&quot;,&quot;16&quot;:9}\" data-sheets-formula=\"=RECHERCHEV(R[0]C[-3];forsale!R4C1:R322C18;6;FAUX)\"> Sac a main ou pochette au look unique et Bi Colore !<br \/>\nDimensions :23 x 15 x 2.5cm<br \/>\nGamme : Bicolore <\/span><\/p>\n","protected":false},"featured_media":32385,"template":"","meta":[],"product_brand":[],"product_cat":[43,44,40],"product_tag":[52],"class_list":{"0":"post-6439","1":"product","2":"type-product","3":"status-publish","4":"has-post-thumbnail","6":"product_cat-minisacs","7":"product_cat-sacs-bandouliere","8":"product_cat-sacs-pochettes","9":"product_tag-pochette","11":"first","12":"instock","13":"taxable","14":"shipping-taxable","15":"purchasable","16":"product-type-simple"},"jetpack_sharing_enabled":true,"_links":{"self":[{"href":"https:\/\/www.mozaiko.ch\/index.php?rest_route=\/wp\/v2\/product\/6439","targetHints":{"allow":["GET"]}}],"collection":[{"href":"https:\/\/www.mozaiko.ch\/index.php?rest_route=\/wp\/v2\/product"}],"about":[{"href":"https:\/\/www.mozaiko.ch\/index.php?rest_route=\/wp\/v2\/types\/product"}],"wp:featuredmedia":[{"embeddable":true,"href":"https:\/\/www.mozaiko.ch\/index.php?rest_route=\/wp\/v2\/media\/32385"}],"wp:attachment":[{"href":"https:\/\/www.mozaiko.ch\/index.php?rest_route=%2Fwp%2Fv2%2Fmedia&parent=6439"}],"wp:term":[{"taxonomy":"product_brand","embeddable":true,"href":"https:\/\/www.mozaiko.ch\/index.php?rest_route=%2Fwp%2Fv2%2Fproduct_brand&post=6439"},{"taxonomy":"product_cat","embeddable":true,"href":"https:\/\/www.mozaiko.ch\/index.php?rest_route=%2Fwp%2Fv2%2Fproduct_cat&post=6439"},{"taxonomy":"product_tag","embeddable":true,"href":"https:\/\/www.mozaiko.ch\/index.php?rest_route=%2Fwp%2Fv2%2Fproduct_tag&post=6439"}],"curies":[{"name":"wp","href":"https:\/\/api.w.org\/{rel}","templated":true}]}}