{"id":6537,"date":"2022-12-02T16:37:59","date_gmt":"2022-12-02T15:37:59","guid":{"rendered":"http:\/\/www.mozaiko.ch\/?post_type=product&#038;p=6537"},"modified":"2024-10-07T08:56:27","modified_gmt":"2024-10-07T06:56:27","slug":"mozaiko-bancsoiduck","status":"publish","type":"product","link":"https:\/\/www.mozaiko.ch\/?product=mozaiko-bancsoiduck","title":{"rendered":"Mozaiko BANCSOIDUCK"},"content":{"rendered":"<p><span data-sheets-value=\"{&quot;1&quot;:2,&quot;2&quot;:&quot;Un format light, 2 rangements et 2 poches zipp\u00e9es pour emporter l'essentiel.nUne cha\u00eene r\u00e9glable pour une touche de finesse suppl\u00e9mentaire.nDimensions : 19x10x2 cmsnGamme : Lumineux !nLogo A\u00efkon&quot;}\" data-sheets-userformat=\"{&quot;2&quot;:14785,&quot;3&quot;:[null,2,&quot;_(&quot;$&quot;* #,##0.00_);_(&quot;$&quot;* (#,##0.00);_(&quot;$&quot;* &quot;-&quot;??_);_(@_)&quot;,1],&quot;9&quot;:0,&quot;10&quot;:1,&quot;11&quot;:4,&quot;14&quot;:[null,2,0],&quot;15&quot;:&quot;Calibri&quot;,&quot;16&quot;:9}\" data-sheets-formula=\"=RECHERCHEV(R[0]C[-2];forsale!R4C1:R324C20;6;FAUX)\">Un format light, 2 rangements et 2 poches zipp\u00e9es pour emporter l&rsquo;essentiel.<br \/>\nDimensions : 19x10x2 cms<br \/>\nGamme : Snake<br \/>\nCouleur : Bleu<br \/>\nCeinture : 2.5 cms \u00e9p. Jusqu&rsquo;\u00e0 117cm de long<br \/>\nLogo A\u00efko<br \/>\n<\/span><\/p>\n","protected":false},"excerpt":{"rendered":"<p><span data-sheets-value=\"{&quot;1&quot;:2,&quot;2&quot;:&quot;Un format light, 2 rangements et 2 poches zipp\u00e9es pour emporter l'essentiel.nUne cha\u00eene r\u00e9glable pour une touche de finesse suppl\u00e9mentaire.nDimensions : 19x10x2 cmsnGamme : Lumineux !nLogo A\u00efkon&quot;}\" data-sheets-userformat=\"{&quot;2&quot;:14785,&quot;3&quot;:[null,2,&quot;_(&quot;$&quot;* #,##0.00_);_(&quot;$&quot;* (#,##0.00);_(&quot;$&quot;* &quot;-&quot;??_);_(@_)&quot;,1],&quot;9&quot;:0,&quot;10&quot;:1,&quot;11&quot;:4,&quot;14&quot;:[null,2,0],&quot;15&quot;:&quot;Calibri&quot;,&quot;16&quot;:9}\" data-sheets-formula=\"=RECHERCHEV(R[0]C[-2];forsale!R4C1:R324C20;6;FAUX)\">Un format light, 2 rangements et 2 poches zipp\u00e9es pour emporter l&rsquo;essentiel.<br \/>\nDimensions : 19x10x2 cms<br \/>\nGamme : Snake<br \/>\nCouleur : Rose<br \/>\nCeinture : 2.5 cms \u00e9p. Jusqu&rsquo;\u00e0 117cm de long<br \/>\nLogo A\u00efko<br \/>\n<\/span><\/p>\n<p><span data-sheets-value=\"{&quot;1&quot;:2,&quot;2&quot;:&quot;Un format light, 2 rangements et 2 poches zipp\u00e9es pour emporter l'essentiel.nUne cha\u00eene r\u00e9glable pour une touche de finesse suppl\u00e9mentaire.nDimensions : 19x10x2 cmsnGamme : Lumineux !nLogo A\u00efkon&quot;}\" data-sheets-userformat=\"{&quot;2&quot;:14785,&quot;3&quot;:[null,2,&quot;_(&quot;$&quot;* #,##0.00_);_(&quot;$&quot;* (#,##0.00);_(&quot;$&quot;* &quot;-&quot;??_);_(@_)&quot;,1],&quot;9&quot;:0,&quot;10&quot;:1,&quot;11&quot;:4,&quot;14&quot;:[null,2,0],&quot;15&quot;:&quot;Calibri&quot;,&quot;16&quot;:9}\" data-sheets-formula=\"=RECHERCHEV(R[0]C[-2];forsale!R4C1:R324C20;6;FAUX)\">\u00a0<\/span><\/p>\n","protected":false},"featured_media":32442,"template":"","meta":[],"product_brand":[],"product_cat":[39,44],"product_tag":[],"class_list":{"0":"post-6537","1":"product","2":"type-product","3":"status-publish","4":"has-post-thumbnail","6":"product_cat-sacs-banane","7":"product_cat-sacs-bandouliere","9":"first","10":"instock","11":"taxable","12":"shipping-taxable","13":"purchasable","14":"product-type-simple"},"jetpack_sharing_enabled":true,"_links":{"self":[{"href":"https:\/\/www.mozaiko.ch\/index.php?rest_route=\/wp\/v2\/product\/6537","targetHints":{"allow":["GET"]}}],"collection":[{"href":"https:\/\/www.mozaiko.ch\/index.php?rest_route=\/wp\/v2\/product"}],"about":[{"href":"https:\/\/www.mozaiko.ch\/index.php?rest_route=\/wp\/v2\/types\/product"}],"wp:featuredmedia":[{"embeddable":true,"href":"https:\/\/www.mozaiko.ch\/index.php?rest_route=\/wp\/v2\/media\/32442"}],"wp:attachment":[{"href":"https:\/\/www.mozaiko.ch\/index.php?rest_route=%2Fwp%2Fv2%2Fmedia&parent=6537"}],"wp:term":[{"taxonomy":"product_brand","embeddable":true,"href":"https:\/\/www.mozaiko.ch\/index.php?rest_route=%2Fwp%2Fv2%2Fproduct_brand&post=6537"},{"taxonomy":"product_cat","embeddable":true,"href":"https:\/\/www.mozaiko.ch\/index.php?rest_route=%2Fwp%2Fv2%2Fproduct_cat&post=6537"},{"taxonomy":"product_tag","embeddable":true,"href":"https:\/\/www.mozaiko.ch\/index.php?rest_route=%2Fwp%2Fv2%2Fproduct_tag&post=6537"}],"curies":[{"name":"wp","href":"https:\/\/api.w.org\/{rel}","templated":true}]}}