{"id":6618,"date":"2022-12-03T09:07:15","date_gmt":"2022-12-03T08:07:15","guid":{"rendered":"http:\/\/www.mozaiko.ch\/?post_type=product&#038;p=6618"},"modified":"2024-10-11T23:10:44","modified_gmt":"2024-10-11T21:10:44","slug":"mozaiko-38soibeigemarron","status":"publish","type":"product","link":"https:\/\/www.mozaiko.ch\/?product=mozaiko-38soibeigemarron","title":{"rendered":"Mozaiko 38SoiBeigeMarron"},"content":{"rendered":"<p>Sac BICOLORE ! Port\u00e9 en bandouli\u00e8re ou port\u00e9 main, il devient une bourse en 2 mouvements.<\/p>\n<p>Bandouli\u00e8re r\u00e9glable, anses ajustables, attaches de bijoux de sacs ou pour votre portefeuille. Fermeture zipp\u00e9e int\u00e9grale.<\/p>\n<p>2 rangements ouverts et un compartiment zipp\u00e9.<\/p>\n<p>Dimensions : 38 x 26 x 13 cms<\/p>\n<p>Gamme : Silk<\/p>\n","protected":false},"excerpt":{"rendered":"<p>Sac en bandouli\u00e8re ou port\u00e9 main, il devient une bourse en 2 mouvements.<\/p>\n<p>Bandouli\u00e8re r\u00e9glable, anses ajustables, attaches de bijoux de sacs ou pour votre portefeuille. Fermeture zipp\u00e9e int\u00e9grale.<\/p>\n<p>2 rangements ouverts et un compartiment zipp\u00e9.<\/p>\n<p>Dimensions : 38 x 26 x 13 cms<\/p>\n<p>Gamme : Silk<\/p>\n","protected":false},"featured_media":32478,"template":"","meta":[],"product_brand":[],"product_cat":[67,38,44,45],"product_tag":[],"class_list":{"0":"post-6618","1":"product","2":"type-product","3":"status-publish","4":"has-post-thumbnail","6":"product_cat-grandsformats","7":"product_cat-sacs-a-main","8":"product_cat-sacs-bandouliere","9":"product_cat-sacs-porte-epaule","11":"first","12":"instock","13":"taxable","14":"shipping-taxable","15":"purchasable","16":"product-type-simple"},"jetpack_sharing_enabled":true,"_links":{"self":[{"href":"https:\/\/www.mozaiko.ch\/index.php?rest_route=\/wp\/v2\/product\/6618","targetHints":{"allow":["GET"]}}],"collection":[{"href":"https:\/\/www.mozaiko.ch\/index.php?rest_route=\/wp\/v2\/product"}],"about":[{"href":"https:\/\/www.mozaiko.ch\/index.php?rest_route=\/wp\/v2\/types\/product"}],"wp:featuredmedia":[{"embeddable":true,"href":"https:\/\/www.mozaiko.ch\/index.php?rest_route=\/wp\/v2\/media\/32478"}],"wp:attachment":[{"href":"https:\/\/www.mozaiko.ch\/index.php?rest_route=%2Fwp%2Fv2%2Fmedia&parent=6618"}],"wp:term":[{"taxonomy":"product_brand","embeddable":true,"href":"https:\/\/www.mozaiko.ch\/index.php?rest_route=%2Fwp%2Fv2%2Fproduct_brand&post=6618"},{"taxonomy":"product_cat","embeddable":true,"href":"https:\/\/www.mozaiko.ch\/index.php?rest_route=%2Fwp%2Fv2%2Fproduct_cat&post=6618"},{"taxonomy":"product_tag","embeddable":true,"href":"https:\/\/www.mozaiko.ch\/index.php?rest_route=%2Fwp%2Fv2%2Fproduct_tag&post=6618"}],"curies":[{"name":"wp","href":"https:\/\/api.w.org\/{rel}","templated":true}]}}