{"id":6675,"date":"2022-12-03T10:51:21","date_gmt":"2022-12-03T09:51:21","guid":{"rendered":"http:\/\/www.mozaiko.ch\/?post_type=product&#038;p=6675"},"modified":"2024-10-11T23:10:15","modified_gmt":"2024-10-11T21:10:15","slug":"mozaiko-33soiblack","status":"publish","type":"product","link":"https:\/\/www.mozaiko.ch\/?product=mozaiko-33soiblack","title":{"rendered":"Mozaiko 33SoiBlack"},"content":{"rendered":"<p>Sac port\u00e9 en bandouli\u00e8re ou port\u00e9 main, il devient une bourse en 2 mouvements.<\/p>\n<p>Bandouli\u00e8re r\u00e9glable, anses ajustables, attaches de bijoux de sacs ou pour votre portefeuille. Fermeture zipp\u00e9e int\u00e9grale.<\/p>\n<p>2 rangements ouverts et un compartiment zipp\u00e9.<\/p>\n<p>Dimensions : 33 x 19 x 13 cms<\/p>\n<p>Gamme : Silk<\/p>\n","protected":false},"excerpt":{"rendered":"<p>Sac port\u00e9 en bandouli\u00e8re ou port\u00e9 main, il devient une bourse en 2 mouvements.<\/p>\n<p>Bandouli\u00e8re r\u00e9glable, anses ajustables, attaches de bijoux de sacs ou pour votre portefeuille. Fermeture zipp\u00e9e int\u00e9grale.<\/p>\n<p>2 rangements ouverts et un compartiment zipp\u00e9.<\/p>\n<p>Dimensions : 33 x 19 x 13 cms<\/p>\n<p>Gamme : Silk<\/p>\n","protected":false},"featured_media":32146,"template":"","meta":[],"product_brand":[],"product_cat":[67,38,44,45],"product_tag":[],"class_list":{"0":"post-6675","1":"product","2":"type-product","3":"status-publish","4":"has-post-thumbnail","6":"product_cat-grandsformats","7":"product_cat-sacs-a-main","8":"product_cat-sacs-bandouliere","9":"product_cat-sacs-porte-epaule","11":"first","12":"instock","13":"taxable","14":"shipping-taxable","15":"purchasable","16":"product-type-simple"},"jetpack_sharing_enabled":true,"_links":{"self":[{"href":"https:\/\/www.mozaiko.ch\/index.php?rest_route=\/wp\/v2\/product\/6675","targetHints":{"allow":["GET"]}}],"collection":[{"href":"https:\/\/www.mozaiko.ch\/index.php?rest_route=\/wp\/v2\/product"}],"about":[{"href":"https:\/\/www.mozaiko.ch\/index.php?rest_route=\/wp\/v2\/types\/product"}],"wp:featuredmedia":[{"embeddable":true,"href":"https:\/\/www.mozaiko.ch\/index.php?rest_route=\/wp\/v2\/media\/32146"}],"wp:attachment":[{"href":"https:\/\/www.mozaiko.ch\/index.php?rest_route=%2Fwp%2Fv2%2Fmedia&parent=6675"}],"wp:term":[{"taxonomy":"product_brand","embeddable":true,"href":"https:\/\/www.mozaiko.ch\/index.php?rest_route=%2Fwp%2Fv2%2Fproduct_brand&post=6675"},{"taxonomy":"product_cat","embeddable":true,"href":"https:\/\/www.mozaiko.ch\/index.php?rest_route=%2Fwp%2Fv2%2Fproduct_cat&post=6675"},{"taxonomy":"product_tag","embeddable":true,"href":"https:\/\/www.mozaiko.ch\/index.php?rest_route=%2Fwp%2Fv2%2Fproduct_tag&post=6675"}],"curies":[{"name":"wp","href":"https:\/\/api.w.org\/{rel}","templated":true}]}}