{"id":6706,"date":"2022-12-03T12:55:29","date_gmt":"2022-12-03T11:55:29","guid":{"rendered":"http:\/\/www.mozaiko.ch\/?post_type=product&#038;p=6706"},"modified":"2025-11-28T17:37:57","modified_gmt":"2025-11-28T16:37:57","slug":"mozaiko-24soiducklu","status":"publish","type":"product","link":"https:\/\/www.mozaiko.ch\/?product=mozaiko-24soiducklu","title":{"rendered":"Mozaiko 24Soiducklu"},"content":{"rendered":"<p><span data-sheets-value=\"{&quot;1&quot;:2,&quot;2&quot;:&quot;Lumineux !rnCe sac est con\u00e7u dans une mati\u00e8re qui r\u00e9fl\u00e9chit la lumi\u00e8re !rnUn sac qui s'adapte \u00e0 l'ambiance du moment, en toutes circonstances.rnSobre et chic le jour, lumineux au soleil, festif la nuit !nDimensions :24*13*8cmnGamme : Lumineux &quot;}\" data-sheets-userformat=\"{&quot;2&quot;:14785,&quot;3&quot;:[null,2,&quot;_(&quot;$&quot;* #,##0.00_);_(&quot;$&quot;* (#,##0.00);_(&quot;$&quot;* &quot;-&quot;??_);_(@_)&quot;,1],&quot;9&quot;:0,&quot;10&quot;:1,&quot;11&quot;:4,&quot;14&quot;:[null,2,0],&quot;15&quot;:&quot;Calibri&quot;,&quot;16&quot;:9}\" data-sheets-formula=\"=RECHERCHEV(R[0]C[-2];forsale!R4C1:R272C20;6;FAUX)\">BICOLORE !<br \/>\nCe mini sac est biface, d&rsquo;un cot\u00e9 bleu canard, de l&rsquo;autre lumineux (une mati\u00e8re qui r\u00e9fl\u00e9chit la lumi\u00e8re).<br \/>\nUn sac qui s&rsquo;adapte \u00e0 l&rsquo;ambiance du moment, en toutes circonstances.<br \/>\nSobre et chic le jour, lumineux au soleil, festif la nuit !<br \/>\nDimensions :24*13*8cm<br \/>\nGamme : Lumineux<\/span><\/p>\n<p>MOZAIKO ce sont des sacs hyper l\u00e9gers, mais tr\u00e8s r\u00e9sistants. Des finitions de qualit\u00e9.<br \/>\nL&rsquo;assemblage est r\u00e9alis\u00e9 par thermo soudage (pas de colle !)<br \/>\nImperm\u00e9able, fourni avec sa pochette de rangement, rangement \u00e0 plat, cha\u00eene r\u00e9glable pour toutes les hauteurs de port&#8230;.<\/p>\n","protected":false},"excerpt":{"rendered":"<p><span data-sheets-value=\"{&quot;1&quot;:2,&quot;2&quot;:&quot;Lumineux !rnCe sac est con\u00e7u dans une mati\u00e8re qui r\u00e9fl\u00e9chit la lumi\u00e8re !rnUn sac qui s'adapte \u00e0 l'ambiance du moment, en toutes circonstances.rnSobre et chic le jour, lumineux au soleil, festif la nuit !nDimensions :24*13*8cmnGamme : Lumineux &quot;}\" data-sheets-userformat=\"{&quot;2&quot;:14785,&quot;3&quot;:[null,2,&quot;_(&quot;$&quot;* #,##0.00_);_(&quot;$&quot;* (#,##0.00);_(&quot;$&quot;* &quot;-&quot;??_);_(@_)&quot;,1],&quot;9&quot;:0,&quot;10&quot;:1,&quot;11&quot;:4,&quot;14&quot;:[null,2,0],&quot;15&quot;:&quot;Calibri&quot;,&quot;16&quot;:9}\" data-sheets-formula=\"=RECHERCHEV(R[0]C[-2];forsale!R4C1:R272C20;6;FAUX)\">\u00a0Lumineux !<br \/>\nCe sac est con\u00e7u dans une mati\u00e8re qui r\u00e9fl\u00e9chit la lumi\u00e8re !<br \/>\nUn sac qui s&rsquo;adapte \u00e0 l&rsquo;ambiance du moment, en toutes circonstances.<br \/>\nSobre et chic le jour, lumineux au soleil, festif la nuit !<br \/>\nDimensions :24*13*8cm<br \/>\nGamme : Lumineux <\/span><\/p>\n","protected":false},"featured_media":32000,"template":"","meta":[],"product_brand":[],"product_cat":[38,44,40,45],"product_tag":[],"class_list":{"0":"post-6706","1":"product","2":"type-product","3":"status-publish","4":"has-post-thumbnail","6":"product_cat-sacs-a-main","7":"product_cat-sacs-bandouliere","8":"product_cat-sacs-pochettes","9":"product_cat-sacs-porte-epaule","11":"first","12":"instock","13":"taxable","14":"shipping-taxable","15":"purchasable","16":"product-type-simple"},"jetpack_sharing_enabled":true,"_links":{"self":[{"href":"https:\/\/www.mozaiko.ch\/index.php?rest_route=\/wp\/v2\/product\/6706","targetHints":{"allow":["GET"]}}],"collection":[{"href":"https:\/\/www.mozaiko.ch\/index.php?rest_route=\/wp\/v2\/product"}],"about":[{"href":"https:\/\/www.mozaiko.ch\/index.php?rest_route=\/wp\/v2\/types\/product"}],"wp:featuredmedia":[{"embeddable":true,"href":"https:\/\/www.mozaiko.ch\/index.php?rest_route=\/wp\/v2\/media\/32000"}],"wp:attachment":[{"href":"https:\/\/www.mozaiko.ch\/index.php?rest_route=%2Fwp%2Fv2%2Fmedia&parent=6706"}],"wp:term":[{"taxonomy":"product_brand","embeddable":true,"href":"https:\/\/www.mozaiko.ch\/index.php?rest_route=%2Fwp%2Fv2%2Fproduct_brand&post=6706"},{"taxonomy":"product_cat","embeddable":true,"href":"https:\/\/www.mozaiko.ch\/index.php?rest_route=%2Fwp%2Fv2%2Fproduct_cat&post=6706"},{"taxonomy":"product_tag","embeddable":true,"href":"https:\/\/www.mozaiko.ch\/index.php?rest_route=%2Fwp%2Fv2%2Fproduct_tag&post=6706"}],"curies":[{"name":"wp","href":"https:\/\/api.w.org\/{rel}","templated":true}]}}